{"id":702,"date":"2018-03-25T16:55:52","date_gmt":"2018-03-25T14:55:52","guid":{"rendered":"http:\/\/www.campingparkvallemaira.com\/?page_id=702"},"modified":"2024-03-26T18:03:40","modified_gmt":"2024-03-26T17:03:40","slug":"info-numeri-utili","status":"publish","type":"page","link":"https:\/\/www.campingparkvallemaira.com\/en\/dove-siamo\/info-numeri-utili\/","title":{"rendered":"Info and useful numbers"},"content":{"rendered":"<p><\/p>\n<table style=\"height: 52px;\" width=\"793\">\n<tbody>\n<tr style=\"background-color: #f5f5f5;\">\n<td style=\"width: 388px;\" colspan=\"2\"><span style=\"font-size: 14pt; color: #ea5a32;\"><strong>Tourist information<\/strong><\/span><\/td>\n<\/tr>\n<tr>\n<td style=\"width: 388px;\">Piazza XX Settembre 3, 12025 Dronero<\/p>\n<p>(+39) 0171.917080<\/p>\n<p><a href=\"mailto:info@visitvallemaira.it\" target=\"_blank\" rel=\"noopener\">info@visitvallemaira.it<\/a><\/p>\n<p>Monday, Wednesday, Friday: 10:00-12:30<\/p>\n<p><span class=\"tlid-translation translation\"><span class=\"\" title=\"\">Saturday<\/span><\/span>: 10:00-12:30 \/ 14:30-17:30<\/p>\n<p>Tuesday, Thursday, Sunday: closed<\/td>\n<td style=\"width: 389px;\">Espaci Occitan<\/p>\n<p>Via Val Maira 19, 12025 Dronero (CN)<\/p>\n<p>(+39) 0171.904075<\/p>\n<p><a href=\"mailto:segreteria@espaci-occitan.org\" target=\"_blank\" rel=\"noopener\">segreteria@espaci-occitan.org<\/a><\/td>\n<\/tr>\n<\/tbody>\n<\/table>\n<table style=\"height: 80px;\" width=\"793\">\n<tbody>\n<tr style=\"background-color: #f5f5f5;\">\n<td style=\"width: 388px;\" colspan=\"2\"><span style=\"font-size: 14pt; color: #ea5a32;\"><strong>Pharmacies<\/strong><\/span><\/td>\n<\/tr>\n<tr>\n<td style=\"width: 388px;\">San Damiano Macra: Via Roma 7, (+39) 0171.900055<\/td>\n<td style=\"width: 389px;\">Stroppo: dispensario, marted\u00ec h 9-10 e venerd\u00ec h 11 \u201312\u00a0 \u00a0 \u00a0 \u00a0 \u00a0 \u00a0 \u00a0 \u00a0 \u00a0 \u00a0 \u00a0 \u00a0 \u00a0 \u00a0 \u00a0 \u00a0 \u00a0 \u00a0 \u00a0 \u00a0 \u00a0 (+39) 0171.999154 &#8211; 0171.999122<\/td>\n<\/tr>\n<tr>\n<td style=\"width: 388px;\">Prazzo: dispensario presso il Comune, luned\u00ec e venerd\u00ec mattina, mercoled\u00ec pomeriggio<\/td>\n<td style=\"width: 389px;\">Acceglio: marted\u00ec e gioved\u00ec in inverno, apertura totale estiva (+39) 0171.995203<\/td>\n<\/tr>\n<\/tbody>\n<\/table>\n<table style=\"height: 120px;\" width=\"793\">\n<tbody>\n<tr style=\"background-color: #f5f5f5; height: 30px;\">\n<td style=\"width: 783px;\" colspan=\"2\"><span style=\"font-size: 14pt; color: #ea5a32;\"><strong>Emergencies<\/strong><\/span><\/td>\n<\/tr>\n<tr>\n<td style=\"width: 386px;\"><span style=\"font-size: 14pt;\"><span style=\"font-size: 12pt;\">Single European emergency number\u00a0<\/span><\/span><strong><span style=\"font-size: 14pt;\">112<\/span><\/strong><\/td>\n<td style=\"width: 391px;\">Medical service (+39) 0171.260013 \u2013 0171.269632<\/td>\n<\/tr>\n<tr>\n<td style=\"width: 386px;\">Carabinieri <strong><span style=\"font-size: 14pt;\">112<\/span><\/strong><\/td>\n<td style=\"width: 391px;\"><span style=\"font-size: 14pt;\"><span style=\"font-size: 12pt;\">State Police\u00a0<\/span><\/span><strong><span style=\"font-size: 14pt;\">113<\/span><\/strong><\/td>\n<\/tr>\n<tr>\n<td style=\"width: 386px;\"><span style=\"font-size: 14pt;\"><span class=\"tlid-translation translation\"><span class=\"\" title=\"\">Fire fighters<\/span><\/span><\/span><strong><span style=\"font-size: 14pt;\"><span class=\"tlid-translation translation\"><span class=\"\" title=\"\">\u00a0<\/span><\/span>115<\/span><\/strong><\/td>\n<td style=\"width: 391px;\"><span style=\"font-size: 14pt;\"><span style=\"font-size: 12pt;\">Forest fire emergency<\/span><strong>\u00a01515<\/strong><\/span><\/td>\n<\/tr>\n<\/tbody>\n<\/table>\n<table style=\"height: 92px;\" width=\"793\">\n<tbody>\n<tr style=\"height: 30px; background-color: #f5f5f5;\">\n<td style=\"width: 388px;\" colspan=\"2\"><span style=\"font-size: 14pt; color: #ea5a32;\"><strong><span class=\"tlid-translation translation\"><span class=\"\" title=\"\">Public transport<\/span><\/span><\/strong><\/span><\/td>\n<\/tr>\n<tr>\n<td style=\"width: 388px;\">Autolinee Benese (+39) 0171.692929 <a href=\"http:\/\/www.benese.it\" target=\"_blank\" rel=\"noopener\">www.benese.it\u00a0<\/a>\u00a0 \u00a0 \u00a0 \u00a0 \u00a0 \u00a0 \u00a0 \u00a0 \u00a0 \u00a0 \u00a0 \u00a0 \u00a0 \u00a0 \u00a0 \u00a0 \u00a0 \u00a0 \u00a0 \u00a0 \u00a0 \u00a0 \u00a0 \u00a0 \u00a0 \u00a0 \u00a0 Way Cuneo \u2013 Dronero \u2013 Acceglio<\/td>\n<td style=\"width: 388px;\">Autolinee ATI (+39) 0171.67400 <a href=\"http:\/\/www.atibus.it\" target=\"_blank\" rel=\"noopener\">www.atibus.it\u00a0<\/a>\u00a0 \u00a0 \u00a0 \u00a0 \u00a0 \u00a0 \u00a0 \u00a0 \u00a0 \u00a0 \u00a0 \u00a0 \u00a0 \u00a0 \u00a0 \u00a0 \u00a0 \u00a0 \u00a0 \u00a0 \u00a0 \u00a0 \u00a0 \u00a0 \u00a0 \u00a0 \u00a0 \u00a0 \u00a0 Way Cuneo \u2013 Dronero \u2013 Roccabruna e Way Roccabruna \u2013 Dronero \u2013 Busca<\/td>\n<\/tr>\n<tr>\n<td style=\"width: 388px;\" colspan=\"2\">Parola viaggi (+39) 0171.943081 \u2013 0171.940711 <a href=\"http:\/\/www.parolaviaggi.it\" target=\"_blank\" rel=\"noopener\">www.parolaviaggi.it\u00a0<\/a>\u00a0 \u00a0Way Dronero &#8211; Busca<\/td>\n<\/tr>\n<\/tbody>\n<\/table>\n<table style=\"height: 106px;\" width=\"793\">\n<tbody>\n<tr style=\"background-color: #f5f5f5; height: 30px;\">\n<td style=\"width: 385px;\" colspan=\"2\"><span style=\"font-size: 14pt; color: #ea5a32;\"><strong>Taxi service, Rental with driver<\/strong><\/span><\/td>\n<\/tr>\n<tr>\n<td style=\"width: 385px;\">Dronero: <strong>Taxi Navetta,\u00a0<\/strong>Paolo Salomone 345.720 4433<\/td>\n<td style=\"width: 386px;\">Acceglio: <strong>Sherpabus,\u00a0<\/strong>Gianni Pilotto (+39) 0171.99024 &#8211; 348.8231477 <a href=\"mailto:sherpabus@libero.it\" target=\"_blank\" rel=\"noopener\">sherpabus@libero.it<\/a><\/td>\n<\/tr>\n<\/tbody>\n<\/table>\n<table style=\"height: 159px;\" width=\"793\">\n<tbody>\n<tr style=\"height: 30px; background-color: #f5f5f5;\">\n<td style=\"width: 387px;\" colspan=\"2\"><span style=\"font-size: 14pt; color: #ea5a32;\"><strong>Food<\/strong><\/span><\/td>\n<\/tr>\n<tr>\n<td style=\"width: 387px;\">San Damiano Macra:\u00a0food, bakery<\/td>\n<td style=\"width: 387px;\">Stroppo: <strong>L\u2019Ape Maira<\/strong>, borg. Bassura, Via Nazionale<\/td>\n<\/tr>\n<tr>\n<td style=\"width: 387px;\">Prazzo superiore: <strong>Panificio Alta Valle Maira<\/strong>,\u00a0food, bakery, Via Nazionale 36 (+39) 0171.99133<\/td>\n<td style=\"width: 387px;\">Prazzo superiore: <strong><span class=\"tlid-translation translation\"><span class=\"\" title=\"\">Butcher&#8217;s shop<\/span><\/span>\u00a0Cesano Nicola<\/strong>, Via Nazionale 46\u00a0 \u00a0 \u00a0 \u00a0 \u00a0 \u00a0 \u00a0 \u00a0 \u00a0 \u00a0 \u00a0 \u00a0 \u00a0 \u00a0 \u00a0 \u00a0 \u00a0 \u00a0 \u00a0(+39) 0171.99119<\/td>\n<\/tr>\n<tr>\n<td style=\"width: 387px;\">Prazzo inferiore: <strong>La Gabelo<\/strong>,\u00a0Food, newsstand, fuels, Via Nazionale 9\u00a0 \u00a0 \u00a0 \u00a0 \u00a0 \u00a0 \u00a0 \u00a0 \u00a0 (+39) 0171.99265<\/td>\n<td style=\"width: 387px;\">Acceglio: food, bakery<\/td>\n<\/tr>\n<\/tbody>\n<\/table>\n<table style=\"height: 36px;\" width=\"793\">\n<tbody>\n<tr style=\"background-color: #f5f5f5; height: 30px;\">\n<td style=\"width: 388px;\" colspan=\"2\"><span style=\"font-size: 14pt; color: #ea5a32;\"><strong>Fuel distributors<\/strong><\/span><\/td>\n<\/tr>\n<tr>\n<td style=\"width: 388px;\">Dronero<\/td>\n<td style=\"width: 389px;\">San Damiano Macra<\/td>\n<\/tr>\n<tr>\n<td style=\"width: 388px;\">Prazzo<\/td>\n<td style=\"width: 389px;\">Acceglio<\/td>\n<\/tr>\n<\/tbody>\n<\/table>\n<table style=\"height: 95px;\" width=\"793\">\n<tbody>\n<tr style=\"height: 30px; background-color: #f5f5f5;\">\n<td style=\"width: 388px;\" colspan=\"2\"><span style=\"font-size: 14pt; color: #ea5a32;\"><strong>Bancomat<\/strong><\/span><\/td>\n<\/tr>\n<tr>\n<td style=\"width: 388px;\">Dronero<\/td>\n<td style=\"width: 389px;\">Roccabruna<\/td>\n<\/tr>\n<tr>\n<td style=\"width: 388px;\" colspan=\"2\">Acceglio<\/td>\n<\/tr>\n<\/tbody>\n<\/table>\n<table style=\"height: 114px;\" width=\"793\">\n<tbody>\n<tr style=\"height: 30px; background-color: #f5f5f5;\">\n<td style=\"width: 388px;\" colspan=\"2\"><span style=\"font-size: 14pt; color: #ea5a32;\"><strong><span class=\"tlid-translation translation\"><span class=\"\" title=\"\">Post offices<\/span><\/span><\/strong><\/span><\/td>\n<\/tr>\n<tr>\n<td style=\"width: 388px;\">Dronero<\/td>\n<td style=\"width: 388px;\">Roccabruna<\/td>\n<\/tr>\n<tr>\n<td style=\"width: 388px;\">Stroppo: Via Nazionale 36<\/td>\n<td style=\"width: 388px;\">Macra: Piazza Marconi 11<\/td>\n<\/tr>\n<tr>\n<td style=\"width: 388px;\">Prazzo: Via Nazionale 2 Bis<\/td>\n<td style=\"width: 388px;\">Acceglio: Via Della Posta 175<\/td>\n<\/tr>\n<\/tbody>\n<\/table>\n<table style=\"height: 90px;\" width=\"793\">\n<tbody>\n<tr style=\"height: 30px; background-color: #f5f5f5;\">\n<td style=\"width: 388px;\" colspan=\"2\"><span style=\"font-size: 14pt; color: #ea5a32;\"><strong>Restaurants and Pizzerias<\/strong><\/span><\/td>\n<\/tr>\n<tr>\n<td style=\"width: 388px;\">Prazzo superiore: <strong>Osteria Furnel e Pirol<\/strong>, Via Nazionale 46\u00a0 \u00a0 \u00a0 \u00a0 \u00a0 \u00a0 \u00a0 \u00a0 \u00a0 \u00a0 \u00a0 \u00a0 \u00a0 \u00a0 \u00a0 \u00a0 \u00a0 \u00a0 \u00a0 \u00a0 \u00a0 \u00a0 \u00a0 \u00a0 \u00a0 (+39) 0171.99119 &#8211; 333.7862061<\/td>\n<td style=\"width: 388px;\">Ponte Marmora:<strong> La Gentil Locanda<\/strong>, (+39) 0171.99139<\/td>\n<\/tr>\n<tr>\n<td style=\"width: 388px;\">Stroppo: <strong>L\u2019ostu e la pizza a Nosto Modo<\/strong>, borg. Bassura, Via Nazionale\u00a0 56, 334.8764378<\/td>\n<td style=\"width: 388px;\">Stroppo: <strong>Locanda alla Napoleonica<\/strong>, borg. Bassura, Via Nazionale, 340.5517957<\/td>\n<\/tr>\n<\/tbody>\n<\/table>\n<table width=\"793\">\n<tbody>\n<tr style=\"background-color: #f5f5f5; height: 30px;\">\n<td><span style=\"font-size: 14pt; color: #ea5a32;\"><strong>City hall<\/strong><\/span><\/td>\n<td><span style=\"font-size: 12pt;\"><strong>Address<\/strong><\/span><\/td>\n<td><strong>Phone<\/strong><\/td>\n<td><span style=\"font-size: 12pt;\"><strong><span class=\"tlid-translation translation\"><span class=\"\" title=\"\">Website<\/span><\/span><\/strong><\/span><\/td>\n<\/tr>\n<tr>\n<td><strong>Acceglio<\/strong><\/td>\n<td>B.ta Borgo Villa, 1<\/td>\n<td>0171.99013<\/td>\n<td><a href=\"http:\/\/www.comune.acceglio.cn.it\/\" target=\"_blank\" rel=\"noopener\">www.comune.acceglio.cn.it<\/a><\/td>\n<\/tr>\n<tr>\n<td><strong>Busca<\/strong><\/td>\n<td>Via Cavour, 28<\/td>\n<td>0171.948611<\/td>\n<td><a href=\"http:\/\/www.comune.busca.cn.it\/\" target=\"_blank\" rel=\"noopener\">www.comune.busca.cn.it<\/a><\/td>\n<\/tr>\n<tr>\n<td><strong>Canosio<\/strong><\/td>\n<td>Via Provinciale, 3<\/td>\n<td>0171.998122<\/td>\n<td><a href=\"http:\/\/www.comune.canosio.cn.it\/\" target=\"_blank\" rel=\"noopener\">www.comune.canosio.cn.it<\/a><\/td>\n<\/tr>\n<tr>\n<td><strong>Cartignano<\/strong><\/td>\n<td>Via Paschero, 24<\/td>\n<td>0171.900259<\/td>\n<td><a href=\"http:\/\/www.comune.cartignano.cn.it\/\" target=\"_blank\" rel=\"noopener\">www.comune.cartignano.cn.it<\/a><\/td>\n<\/tr>\n<tr>\n<td><strong>Celle Macra<\/strong><\/td>\n<td>B.ta Chiesa, 1<\/td>\n<td>0171.999190<\/td>\n<td><a href=\"http:\/\/www.comune.celledimacra.cn.it\/\" target=\"_blank\" rel=\"noopener\">www.comune.celledimacra.cn.it<\/a><\/td>\n<\/tr>\n<tr>\n<td><strong>Dronero<\/strong><\/td>\n<td>Via Giolitti, 47<\/td>\n<td>0171.908103<\/td>\n<td><a href=\"http:\/\/www.comune.dronero.cn.it\/\" target=\"_blank\" rel=\"noopener\">www.comune.dronero.cn.it<\/a><\/td>\n<\/tr>\n<tr>\n<td><strong>Elva<\/strong><\/td>\n<td>B.ta Serre<\/td>\n<td>0171.997971<\/td>\n<td><a href=\"http:\/\/www.comune.elva.cn.it\/\" target=\"_blank\" rel=\"noopener\">www.comune.elva.cn.it<\/a><\/td>\n<\/tr>\n<tr>\n<td><strong>Macra<\/strong><\/td>\n<td>P.zza Marconi, 11<\/td>\n<td>0171.999161<\/td>\n<td><a href=\"http:\/\/www.comune.macra.cn.it\/\" target=\"_blank\" rel=\"noopener\">www.comune.macra.cn.it<\/a><\/td>\n<\/tr>\n<tr>\n<td><strong>Marmora<\/strong><\/td>\n<td>B.ta Vernetti<\/td>\n<td>0171.998113<\/td>\n<td><a href=\"http:\/\/www.comune.marmora.cn.it\/\" target=\"_blank\" rel=\"noopener\">www.comune.marmora.cn.it<\/a><\/td>\n<\/tr>\n<tr>\n<td><strong>Prazzo<\/strong><\/td>\n<td>Fraz. Capoluogo, 18<\/td>\n<td>0171.99123<\/td>\n<td><a href=\"http:\/\/www.comune.prazzo.cn.it\/\" target=\"_blank\" rel=\"noopener\">www.comune.prazzo.cn.it<\/a><\/td>\n<\/tr>\n<tr>\n<td><strong>Roccabruna<\/strong><\/td>\n<td>Str. dei Catari, 6<\/td>\n<td>0171.917201<\/td>\n<td><a href=\"http:\/\/www.comune.roccabruna.cn.it\/\" target=\"_blank\" rel=\"noopener\">www.comune.roccabruna.cn.it<\/a><\/td>\n<\/tr>\n<tr>\n<td><strong>San Damiano Macra<\/strong><\/td>\n<td>Via Roma, 2\/d<\/td>\n<td>0171.990203<\/td>\n<td><a href=\"http:\/\/www.comune.sandamianomacra.cn.it\/\" target=\"_blank\" rel=\"noopener\">www.comune.sandamianomacra.cn.it<\/a><\/td>\n<\/tr>\n<tr>\n<td><strong>Stroppo<\/strong><\/td>\n<td>Fraz. Paschero, 12<\/td>\n<td>0171.999112<\/td>\n<td><a href=\"http:\/\/comune.stroppo.cn.it\/\" target=\"_blank\" rel=\"noopener\">www.comune.stroppo.cn.it<\/a><\/td>\n<\/tr>\n<tr>\n<td><strong>Villar San Costanzo<\/strong><\/td>\n<td>P.zza Giolitti, 1<\/td>\n<td>0171.902087<\/td>\n<td><a href=\"http:\/\/www.comune.villarsancostanzo.cn.it\/\" target=\"_blank\" rel=\"noopener\">www.comune.villarsancostanzo.cn.it<\/a><\/td>\n<\/tr>\n<\/tbody>\n<\/table>\n<p><\/p>","protected":false},"excerpt":{"rendered":"<p>Tourist information Piazza XX Settembre 3, 12025 Dronero (+39) 0171.917080 info@visitvallemaira.it Monday, Wednesday, Friday: 10:00-12:30 Saturday: 10:00-12:30 \/ 14:30-17:30 Tuesday, Thursday, Sunday: closed Espaci Occitan Via Val Maira 19, 12025 Dronero (CN) (+39) 0171.904075 segreteria@espaci-occitan.org Pharmacies San Damiano Macra: Via<\/p>\n","protected":false},"author":2,"featured_media":0,"parent":11,"menu_order":0,"comment_status":"closed","ping_status":"closed","template":"","meta":[],"yoast_head":"<!-- This site is optimized with the Yoast SEO plugin v20.10 - https:\/\/yoast.com\/wordpress\/plugins\/seo\/ -->\n<title>Info and useful numbers - CAMPEGGIO E PARCO AVVENTURA NEL CUORE DELLA VALLE MAIRA<\/title>\n<meta name=\"robots\" content=\"index, follow, max-snippet:-1, max-image-preview:large, max-video-preview:-1\" \/>\n<link rel=\"canonical\" href=\"https:\/\/www.campingparkvallemaira.com\/dove-siamo\/info-numeri-utili\/\" \/>\n<meta property=\"og:locale\" content=\"en_US\" \/>\n<meta property=\"og:type\" content=\"article\" \/>\n<meta property=\"og:title\" content=\"[:it]Info e numeri utili[:en]Info and useful numbers[:] - CAMPEGGIO E PARCO AVVENTURA NEL CUORE DELLA VALLE MAIRA\" \/>\n<meta property=\"og:description\" content=\"Tourist information Piazza XX Settembre 3, 12025 Dronero (+39) 0171.917080 info@visitvallemaira.it Monday, Wednesday, Friday: 10:00-12:30 Saturday: 10:00-12:30 \/ 14:30-17:30 Tuesday, Thursday, Sunday: closed Espaci Occitan Via Val Maira 19, 12025 Dronero (CN) (+39) 0171.904075 segreteria@espaci-occitan.org Pharmacies San Damiano Macra: Via\" \/>\n<meta property=\"og:url\" content=\"https:\/\/www.campingparkvallemaira.com\/dove-siamo\/info-numeri-utili\/\" \/>\n<meta property=\"og:site_name\" content=\"CAMPEGGIO E PARCO AVVENTURA NEL CUORE DELLA VALLE MAIRA\" \/>\n<meta property=\"article:publisher\" content=\"https:\/\/www.facebook.com\/campingparkvallemaira\/\" \/>\n<meta property=\"article:modified_time\" content=\"2024-03-26T17:03:40+00:00\" \/>\n<meta name=\"twitter:card\" content=\"summary_large_image\" \/>\n<meta name=\"twitter:label1\" content=\"Est. reading time\" \/>\n\t<meta name=\"twitter:data1\" content=\"4 minutes\" \/>\n<script type=\"application\/ld+json\" class=\"yoast-schema-graph\">{\"@context\":\"https:\/\/schema.org\",\"@graph\":[{\"@type\":\"WebPage\",\"@id\":\"https:\/\/www.campingparkvallemaira.com\/dove-siamo\/info-numeri-utili\/\",\"url\":\"https:\/\/www.campingparkvallemaira.com\/dove-siamo\/info-numeri-utili\/\",\"name\":\"[:it]Info e numeri utili[:en]Info and useful numbers[:] - CAMPEGGIO E PARCO AVVENTURA NEL CUORE DELLA VALLE MAIRA\",\"isPartOf\":{\"@id\":\"https:\/\/www.campingparkvallemaira.com\/#website\"},\"datePublished\":\"2018-03-25T14:55:52+00:00\",\"dateModified\":\"2024-03-26T17:03:40+00:00\",\"breadcrumb\":{\"@id\":\"https:\/\/www.campingparkvallemaira.com\/dove-siamo\/info-numeri-utili\/#breadcrumb\"},\"inLanguage\":\"en-US\",\"potentialAction\":[{\"@type\":\"ReadAction\",\"target\":[\"https:\/\/www.campingparkvallemaira.com\/dove-siamo\/info-numeri-utili\/\"]}]},{\"@type\":\"BreadcrumbList\",\"@id\":\"https:\/\/www.campingparkvallemaira.com\/dove-siamo\/info-numeri-utili\/#breadcrumb\",\"itemListElement\":[{\"@type\":\"ListItem\",\"position\":1,\"name\":\"Home\",\"item\":\"https:\/\/www.campingparkvallemaira.com\/\"},{\"@type\":\"ListItem\",\"position\":2,\"name\":\"Dove Siamo\",\"item\":\"https:\/\/www.campingparkvallemaira.com\/dove-siamo\/\"},{\"@type\":\"ListItem\",\"position\":3,\"name\":\"Info e numeri utili\"}]},{\"@type\":\"WebSite\",\"@id\":\"https:\/\/www.campingparkvallemaira.com\/#website\",\"url\":\"https:\/\/www.campingparkvallemaira.com\/\",\"name\":\"CAMPEGGIO E PARCO AVVENTURA NEL CUORE DELLA VALLE MAIRA\",\"description\":\"\",\"potentialAction\":[{\"@type\":\"SearchAction\",\"target\":{\"@type\":\"EntryPoint\",\"urlTemplate\":\"https:\/\/www.campingparkvallemaira.com\/?s={search_term_string}\"},\"query-input\":\"required name=search_term_string\"}],\"inLanguage\":\"en-US\"}]}<\/script>\n<!-- \/ Yoast SEO plugin. -->","yoast_head_json":{"title":"[:it]Info e numeri utili[:en]Info and useful numbers[:] - CAMPEGGIO E PARCO AVVENTURA NEL CUORE DELLA VALLE MAIRA","robots":{"index":"index","follow":"follow","max-snippet":"max-snippet:-1","max-image-preview":"max-image-preview:large","max-video-preview":"max-video-preview:-1"},"canonical":"https:\/\/www.campingparkvallemaira.com\/dove-siamo\/info-numeri-utili\/","og_locale":"en_US","og_type":"article","og_title":"[:it]Info e numeri utili[:en]Info and useful numbers[:] - CAMPEGGIO E PARCO AVVENTURA NEL CUORE DELLA VALLE MAIRA","og_description":"Tourist information Piazza XX Settembre 3, 12025 Dronero (+39) 0171.917080 info@visitvallemaira.it Monday, Wednesday, Friday: 10:00-12:30 Saturday: 10:00-12:30 \/ 14:30-17:30 Tuesday, Thursday, Sunday: closed Espaci Occitan Via Val Maira 19, 12025 Dronero (CN) (+39) 0171.904075 segreteria@espaci-occitan.org Pharmacies San Damiano Macra: Via","og_url":"https:\/\/www.campingparkvallemaira.com\/dove-siamo\/info-numeri-utili\/","og_site_name":"CAMPEGGIO E PARCO AVVENTURA NEL CUORE DELLA VALLE MAIRA","article_publisher":"https:\/\/www.facebook.com\/campingparkvallemaira\/","article_modified_time":"2024-03-26T17:03:40+00:00","twitter_card":"summary_large_image","twitter_misc":{"Est. reading time":"4 minutes"},"schema":{"@context":"https:\/\/schema.org","@graph":[{"@type":"WebPage","@id":"https:\/\/www.campingparkvallemaira.com\/dove-siamo\/info-numeri-utili\/","url":"https:\/\/www.campingparkvallemaira.com\/dove-siamo\/info-numeri-utili\/","name":"[:it]Info e numeri utili[:en]Info and useful numbers[:] - CAMPEGGIO E PARCO AVVENTURA NEL CUORE DELLA VALLE MAIRA","isPartOf":{"@id":"https:\/\/www.campingparkvallemaira.com\/#website"},"datePublished":"2018-03-25T14:55:52+00:00","dateModified":"2024-03-26T17:03:40+00:00","breadcrumb":{"@id":"https:\/\/www.campingparkvallemaira.com\/dove-siamo\/info-numeri-utili\/#breadcrumb"},"inLanguage":"en-US","potentialAction":[{"@type":"ReadAction","target":["https:\/\/www.campingparkvallemaira.com\/dove-siamo\/info-numeri-utili\/"]}]},{"@type":"BreadcrumbList","@id":"https:\/\/www.campingparkvallemaira.com\/dove-siamo\/info-numeri-utili\/#breadcrumb","itemListElement":[{"@type":"ListItem","position":1,"name":"Home","item":"https:\/\/www.campingparkvallemaira.com\/"},{"@type":"ListItem","position":2,"name":"Dove Siamo","item":"https:\/\/www.campingparkvallemaira.com\/dove-siamo\/"},{"@type":"ListItem","position":3,"name":"Info e numeri utili"}]},{"@type":"WebSite","@id":"https:\/\/www.campingparkvallemaira.com\/#website","url":"https:\/\/www.campingparkvallemaira.com\/","name":"CAMPEGGIO E PARCO AVVENTURA NEL CUORE DELLA VALLE MAIRA","description":"","potentialAction":[{"@type":"SearchAction","target":{"@type":"EntryPoint","urlTemplate":"https:\/\/www.campingparkvallemaira.com\/?s={search_term_string}"},"query-input":"required name=search_term_string"}],"inLanguage":"en-US"}]}},"_links":{"self":[{"href":"https:\/\/www.campingparkvallemaira.com\/en\/wp-json\/wp\/v2\/pages\/702"}],"collection":[{"href":"https:\/\/www.campingparkvallemaira.com\/en\/wp-json\/wp\/v2\/pages"}],"about":[{"href":"https:\/\/www.campingparkvallemaira.com\/en\/wp-json\/wp\/v2\/types\/page"}],"author":[{"embeddable":true,"href":"https:\/\/www.campingparkvallemaira.com\/en\/wp-json\/wp\/v2\/users\/2"}],"replies":[{"embeddable":true,"href":"https:\/\/www.campingparkvallemaira.com\/en\/wp-json\/wp\/v2\/comments?post=702"}],"version-history":[{"count":17,"href":"https:\/\/www.campingparkvallemaira.com\/en\/wp-json\/wp\/v2\/pages\/702\/revisions"}],"predecessor-version":[{"id":1494,"href":"https:\/\/www.campingparkvallemaira.com\/en\/wp-json\/wp\/v2\/pages\/702\/revisions\/1494"}],"up":[{"embeddable":true,"href":"https:\/\/www.campingparkvallemaira.com\/en\/wp-json\/wp\/v2\/pages\/11"}],"wp:attachment":[{"href":"https:\/\/www.campingparkvallemaira.com\/en\/wp-json\/wp\/v2\/media?parent=702"}],"curies":[{"name":"wp","href":"https:\/\/api.w.org\/{rel}","templated":true}]}}