{"id":57,"date":"2016-03-03T15:28:39","date_gmt":"2016-03-03T14:28:39","guid":{"rendered":"http:\/\/www.campingparkvallemaira.com\/?page_id=57"},"modified":"2018-04-09T15:17:10","modified_gmt":"2018-04-09T13:17:10","slug":"cosa-fare-valle-maira","status":"publish","type":"page","link":"https:\/\/www.campingparkvallemaira.com\/en\/cosa-fare-valle-maira\/","title":{"rendered":"What to do"},"content":{"rendered":"<p>La <em>Valle Maira<\/em> \u00e8 meta privilegiata per il viaggiatore che intende immergersi in un territorio incontaminato ed emozionante, dove \u00e8 ancora possibile vivere <em>esperienze naturali<\/em> praticando attivit\u00e0 all&#8217;aria aperta adatte a tutti, dallo sportivo pi\u00f9 esigente al principiante.<\/p>\n<p>Il <strong><em>Camping Park Valle Maira<\/em><\/strong>, trovandosi in posizione centrale alla Valle, \u00e8 il punto di partenza ideale per andare alla scoperta di un ambiente unico e offre, ai propri clienti, la possibilit\u00e0 di soggiornare in un campeggio attrezzato, dall&#8217;atmosfera semplice e famigliare, a diretto contatto con la natura.<\/p>\n<p>La nostra struttura collabora con <strong><em>guide professionistiche locali<\/em><\/strong> (accompagnatori naturalistici, guide turistiche, guide alpine, istruttori di mtb), che potranno accompagnarvi nelle vostre escursioni alla scoperta della <em>Valle Maira<\/em>.<\/p>\n<p>Contattateci per qualunque informazione, vi aiuteremo a progettare il vostro soggiorno qui da noi!<\/p>\n<p>Molteplici sono le attivit\u00e0 sportive, culturali o di svago che si possono praticare con la bella stagione.<\/p>\n<p>La Valle Maira regala emozioni \u2026<\/p>\n","protected":false},"excerpt":{"rendered":"<p>La Valle Maira \u00e8 meta privilegiata per il viaggiatore che intende immergersi in un territorio incontaminato ed emozionante, dove \u00e8 ancora possibile vivere esperienze naturali praticando attivit\u00e0 all&#8217;aria aperta adatte a tutti, dallo sportivo pi\u00f9 esigente al principiante. Il Camping<\/p>\n","protected":false},"author":2,"featured_media":0,"parent":0,"menu_order":0,"comment_status":"closed","ping_status":"closed","template":"","meta":[],"yoast_head":"<!-- This site is optimized with the Yoast SEO plugin v20.10 - https:\/\/yoast.com\/wordpress\/plugins\/seo\/ -->\n<title>What to do - CAMPEGGIO E PARCO AVVENTURA NEL CUORE DELLA VALLE MAIRA<\/title>\n<meta name=\"robots\" content=\"index, follow, max-snippet:-1, max-image-preview:large, max-video-preview:-1\" \/>\n<link rel=\"canonical\" href=\"https:\/\/www.campingparkvallemaira.com\/cosa-fare-valle-maira\/\" \/>\n<meta property=\"og:locale\" content=\"en_US\" \/>\n<meta property=\"og:type\" content=\"article\" \/>\n<meta property=\"og:title\" content=\"[:it]Cosa fare[:en]What to do[:] - CAMPEGGIO E PARCO AVVENTURA NEL CUORE DELLA VALLE MAIRA\" \/>\n<meta property=\"og:description\" content=\"La Valle Maira \u00e8 meta privilegiata per il viaggiatore che intende immergersi in un territorio incontaminato ed emozionante, dove \u00e8 ancora possibile vivere esperienze naturali praticando attivit\u00e0 all&#8217;aria aperta adatte a tutti, dallo sportivo pi\u00f9 esigente al principiante. Il Camping\" \/>\n<meta property=\"og:url\" content=\"https:\/\/www.campingparkvallemaira.com\/cosa-fare-valle-maira\/\" \/>\n<meta property=\"og:site_name\" content=\"CAMPEGGIO E PARCO AVVENTURA NEL CUORE DELLA VALLE MAIRA\" \/>\n<meta property=\"article:publisher\" content=\"https:\/\/www.facebook.com\/campingparkvallemaira\/\" \/>\n<meta property=\"article:modified_time\" content=\"2018-04-09T13:17:10+00:00\" \/>\n<meta name=\"twitter:card\" content=\"summary_large_image\" \/>\n<meta name=\"twitter:label1\" content=\"Est. reading time\" \/>\n\t<meta name=\"twitter:data1\" content=\"1 minute\" \/>\n<script type=\"application\/ld+json\" class=\"yoast-schema-graph\">{\"@context\":\"https:\/\/schema.org\",\"@graph\":[{\"@type\":\"WebPage\",\"@id\":\"https:\/\/www.campingparkvallemaira.com\/cosa-fare-valle-maira\/\",\"url\":\"https:\/\/www.campingparkvallemaira.com\/cosa-fare-valle-maira\/\",\"name\":\"[:it]Cosa fare[:en]What to do[:] - CAMPEGGIO E PARCO AVVENTURA NEL CUORE DELLA VALLE MAIRA\",\"isPartOf\":{\"@id\":\"https:\/\/www.campingparkvallemaira.com\/#website\"},\"datePublished\":\"2016-03-03T14:28:39+00:00\",\"dateModified\":\"2018-04-09T13:17:10+00:00\",\"breadcrumb\":{\"@id\":\"https:\/\/www.campingparkvallemaira.com\/cosa-fare-valle-maira\/#breadcrumb\"},\"inLanguage\":\"en-US\",\"potentialAction\":[{\"@type\":\"ReadAction\",\"target\":[\"https:\/\/www.campingparkvallemaira.com\/cosa-fare-valle-maira\/\"]}]},{\"@type\":\"BreadcrumbList\",\"@id\":\"https:\/\/www.campingparkvallemaira.com\/cosa-fare-valle-maira\/#breadcrumb\",\"itemListElement\":[{\"@type\":\"ListItem\",\"position\":1,\"name\":\"Home\",\"item\":\"https:\/\/www.campingparkvallemaira.com\/\"},{\"@type\":\"ListItem\",\"position\":2,\"name\":\"Cosa fare\"}]},{\"@type\":\"WebSite\",\"@id\":\"https:\/\/www.campingparkvallemaira.com\/#website\",\"url\":\"https:\/\/www.campingparkvallemaira.com\/\",\"name\":\"CAMPEGGIO E PARCO AVVENTURA NEL CUORE DELLA VALLE MAIRA\",\"description\":\"\",\"potentialAction\":[{\"@type\":\"SearchAction\",\"target\":{\"@type\":\"EntryPoint\",\"urlTemplate\":\"https:\/\/www.campingparkvallemaira.com\/?s={search_term_string}\"},\"query-input\":\"required name=search_term_string\"}],\"inLanguage\":\"en-US\"}]}<\/script>\n<!-- \/ Yoast SEO plugin. -->","yoast_head_json":{"title":"[:it]Cosa fare[:en]What to do[:] - CAMPEGGIO E PARCO AVVENTURA NEL CUORE DELLA VALLE MAIRA","robots":{"index":"index","follow":"follow","max-snippet":"max-snippet:-1","max-image-preview":"max-image-preview:large","max-video-preview":"max-video-preview:-1"},"canonical":"https:\/\/www.campingparkvallemaira.com\/cosa-fare-valle-maira\/","og_locale":"en_US","og_type":"article","og_title":"[:it]Cosa fare[:en]What to do[:] - CAMPEGGIO E PARCO AVVENTURA NEL CUORE DELLA VALLE MAIRA","og_description":"La Valle Maira \u00e8 meta privilegiata per il viaggiatore che intende immergersi in un territorio incontaminato ed emozionante, dove \u00e8 ancora possibile vivere esperienze naturali praticando attivit\u00e0 all&#8217;aria aperta adatte a tutti, dallo sportivo pi\u00f9 esigente al principiante. Il Camping","og_url":"https:\/\/www.campingparkvallemaira.com\/cosa-fare-valle-maira\/","og_site_name":"CAMPEGGIO E PARCO AVVENTURA NEL CUORE DELLA VALLE MAIRA","article_publisher":"https:\/\/www.facebook.com\/campingparkvallemaira\/","article_modified_time":"2018-04-09T13:17:10+00:00","twitter_card":"summary_large_image","twitter_misc":{"Est. reading time":"1 minute"},"schema":{"@context":"https:\/\/schema.org","@graph":[{"@type":"WebPage","@id":"https:\/\/www.campingparkvallemaira.com\/cosa-fare-valle-maira\/","url":"https:\/\/www.campingparkvallemaira.com\/cosa-fare-valle-maira\/","name":"[:it]Cosa fare[:en]What to do[:] - CAMPEGGIO E PARCO AVVENTURA NEL CUORE DELLA VALLE MAIRA","isPartOf":{"@id":"https:\/\/www.campingparkvallemaira.com\/#website"},"datePublished":"2016-03-03T14:28:39+00:00","dateModified":"2018-04-09T13:17:10+00:00","breadcrumb":{"@id":"https:\/\/www.campingparkvallemaira.com\/cosa-fare-valle-maira\/#breadcrumb"},"inLanguage":"en-US","potentialAction":[{"@type":"ReadAction","target":["https:\/\/www.campingparkvallemaira.com\/cosa-fare-valle-maira\/"]}]},{"@type":"BreadcrumbList","@id":"https:\/\/www.campingparkvallemaira.com\/cosa-fare-valle-maira\/#breadcrumb","itemListElement":[{"@type":"ListItem","position":1,"name":"Home","item":"https:\/\/www.campingparkvallemaira.com\/"},{"@type":"ListItem","position":2,"name":"Cosa fare"}]},{"@type":"WebSite","@id":"https:\/\/www.campingparkvallemaira.com\/#website","url":"https:\/\/www.campingparkvallemaira.com\/","name":"CAMPEGGIO E PARCO AVVENTURA NEL CUORE DELLA VALLE MAIRA","description":"","potentialAction":[{"@type":"SearchAction","target":{"@type":"EntryPoint","urlTemplate":"https:\/\/www.campingparkvallemaira.com\/?s={search_term_string}"},"query-input":"required name=search_term_string"}],"inLanguage":"en-US"}]}},"_links":{"self":[{"href":"https:\/\/www.campingparkvallemaira.com\/en\/wp-json\/wp\/v2\/pages\/57"}],"collection":[{"href":"https:\/\/www.campingparkvallemaira.com\/en\/wp-json\/wp\/v2\/pages"}],"about":[{"href":"https:\/\/www.campingparkvallemaira.com\/en\/wp-json\/wp\/v2\/types\/page"}],"author":[{"embeddable":true,"href":"https:\/\/www.campingparkvallemaira.com\/en\/wp-json\/wp\/v2\/users\/2"}],"replies":[{"embeddable":true,"href":"https:\/\/www.campingparkvallemaira.com\/en\/wp-json\/wp\/v2\/comments?post=57"}],"version-history":[{"count":38,"href":"https:\/\/www.campingparkvallemaira.com\/en\/wp-json\/wp\/v2\/pages\/57\/revisions"}],"predecessor-version":[{"id":918,"href":"https:\/\/www.campingparkvallemaira.com\/en\/wp-json\/wp\/v2\/pages\/57\/revisions\/918"}],"wp:attachment":[{"href":"https:\/\/www.campingparkvallemaira.com\/en\/wp-json\/wp\/v2\/media?parent=57"}],"curies":[{"name":"wp","href":"https:\/\/api.w.org\/{rel}","templated":true}]}}