{"id":52,"date":"2016-03-03T13:04:58","date_gmt":"2016-03-03T12:04:58","guid":{"rendered":"http:\/\/www.campingparkvallemaira.com\/?page_id=52"},"modified":"2022-05-06T18:24:07","modified_gmt":"2022-05-06T16:24:07","slug":"sicurezza","status":"publish","type":"page","link":"https:\/\/www.campingparkvallemaira.com\/en\/parco-avventura-valle-maira\/sicurezza\/","title":{"rendered":"Safety"},"content":{"rendered":"<p><span style=\"font-size: 12pt;\">Per garantire la <strong>MASSIMA SICUREZZA<\/strong> ai clienti del <span style=\"color: #ea5a00;\"><strong>PARCO AVVENTURA VALLE MAIRA<\/strong><\/span><\/span><\/p>\n<p><span style=\"font-size: 12pt;\">abbiamo dotato <strong>TUTTI I PERCORSI<\/strong> del nostro impianto del nuovo sistema di sicurezza a <strong>LINEA VITA CONTINUA COUDOU PRO<\/strong>.<\/span><\/p>\n<p><span style=\"font-size: 12pt;\">Il sistema \u00e8 cos\u00ec composto:<\/span><\/p>\n<ul>\n<li><span style=\"font-size: 12pt;\">lungo tutti i percorsi del PARCO \u00e8 stato installato un cavo di sicurezza ancorato da speciali piastre di raccordo e contrassegnato da segni rossi<\/span><\/li>\n<li><span style=\"font-size: 12pt;\">a tale cavo ci si connette ad inizio percorso con due moschettoni collegati all&#8217;imbragatura da una longe elastica doppia<\/span><\/li>\n<li><span style=\"font-size: 12pt;\">il moschettone BLU \u00e8 un classico moschettone a leva<\/span><\/li>\n<li><span style=\"font-size: 12pt;\">il moschettone GRIGIO \u00e8 l&#8217;innovativo moschettone ZAZA che ha la caratteristica di essere APERTO<\/span><\/li>\n<li><span style=\"font-size: 12pt;\">tale apertura \u00e8 inferiore al diametro del cavo di sicurezza ma superiore allo spessore delle piastre di raccordo<\/span><\/li>\n<li><span style=\"font-size: 12pt;\">in questo modo la sicurezza \u00e8 garantita poich\u00e9 una volta entrati nella linea vita continua a inizio percorso \u00e8 impossibile uscirne prima della fine<\/span><\/li>\n<li><span style=\"font-size: 12pt;\">sar\u00e0 quindi impossibile che entrambi i moschettoni vengano sganciati contemporaneamente lungo i percorsi<\/span><\/li>\n<\/ul>\n<p><span style=\"font-size: 12pt;\">Il <span style=\"color: #ea5a00;\"><strong>PARCO AVVENTURA VALLE MAIRA<\/strong><\/span> si attiene agli standard imposti dalla norma EN 15567 per quanto riguarda gli aspetti di progettazione, costruzione, sicurezza e gestione.<\/span><\/p>\n<p><span style=\"font-size: 12pt;\">I Dispositivi di Protezione Individuale (D.P.I.), le strutture artificiali installate e le piante presenti, vengono regolarmente controllate dallo staff e sono annualmente sottoposte a verifica da parte di un ispettore.<\/span><\/p>\n<p><span style=\"font-size: 12pt;\">Ciascun membro dello staff \u00e8 stato formato secondo le\u00a0leggi\u00a0vigenti ed \u00e8 in possesso della qualifica di ISTRUTTORE E\/O SOCCORRITORE DI PARCO AVVENTURA.<\/span><\/p>\n<p><style type=\"text\/css\">\r\n\t#foogallery-gallery-835_1 .fg-image {\r\n        width: 300px;\r\n    }\r\n<\/style>\r\n\t\t\t\t<div class=\"foogallery foogallery-container foogallery-default foogallery-lightbox-none fg-gutter-25 fg-center fg-default fg-light fg-round-large fg-shadow-small fg-loading-default fg-loaded-fade-in fg-caption-hover fg-hover-fade fg-hover-zoom fg-ready\" id=\"foogallery-gallery-835_1\" data-foogallery=\"{&quot;item&quot;:{&quot;showCaptionTitle&quot;:true,&quot;showCaptionDescription&quot;:true},&quot;lazy&quot;:true}\" >\r\n\t<div class=\"fg-item fg-type-image fg-idle\"><figure class=\"fg-item-inner\"><a href=\"https:\/\/www.campingparkvallemaira.com\/wp-content\/uploads\/2018\/02\/parco-avventura-valle-maira-sicurezza-1.jpg\" data-attachment-id=\"407\" class=\"fg-thumb\"><span class=\"fg-image-wrap\"><img width=\"300\" height=\"250\" class=\"skip-lazy fg-image\" data-src-fg=\"https:\/\/www.campingparkvallemaira.com\/wp-content\/uploads\/cache\/2018\/02\/parco-avventura-valle-maira-sicurezza-1\/181466371.jpg\" src=\"data:image\/svg+xml,%3Csvg%20xmlns%3D%22http%3A%2F%2Fwww.w3.org%2F2000%2Fsvg%22%20width%3D%22300%22%20height%3D%22250%22%20viewBox%3D%220%200%20300%20250%22%3E%3C%2Fsvg%3E\" loading=\"eager\"><\/span><span class=\"fg-image-overlay\"><\/span><\/a><figcaption class=\"fg-caption\"><div class=\"fg-caption-inner\"><\/div><\/figcaption><\/figure><div class=\"fg-loader\"><\/div><\/div><div class=\"fg-item fg-type-image fg-idle\"><figure class=\"fg-item-inner\"><a href=\"https:\/\/www.campingparkvallemaira.com\/wp-content\/uploads\/2018\/02\/parco-avventura-valle-maira-sicurezza-2.jpg\" data-attachment-id=\"408\" class=\"fg-thumb\"><span class=\"fg-image-wrap\"><img width=\"300\" height=\"250\" class=\"skip-lazy fg-image\" data-src-fg=\"https:\/\/www.campingparkvallemaira.com\/wp-content\/uploads\/cache\/2018\/02\/parco-avventura-valle-maira-sicurezza-2\/4185980219.jpg\" src=\"data:image\/svg+xml,%3Csvg%20xmlns%3D%22http%3A%2F%2Fwww.w3.org%2F2000%2Fsvg%22%20width%3D%22300%22%20height%3D%22250%22%20viewBox%3D%220%200%20300%20250%22%3E%3C%2Fsvg%3E\" loading=\"eager\"><\/span><span class=\"fg-image-overlay\"><\/span><\/a><figcaption class=\"fg-caption\"><div class=\"fg-caption-inner\"><\/div><\/figcaption><\/figure><div class=\"fg-loader\"><\/div><\/div><div class=\"fg-item fg-type-image fg-idle\"><figure class=\"fg-item-inner\"><a href=\"https:\/\/www.campingparkvallemaira.com\/wp-content\/uploads\/2018\/02\/parco-avventura-valle-maira-sicurezza-3.jpg\" data-attachment-id=\"409\" class=\"fg-thumb\"><span class=\"fg-image-wrap\"><img width=\"300\" height=\"250\" class=\"skip-lazy fg-image\" data-src-fg=\"https:\/\/www.campingparkvallemaira.com\/wp-content\/uploads\/cache\/2018\/02\/parco-avventura-valle-maira-sicurezza-3\/3258122177.jpg\" src=\"data:image\/svg+xml,%3Csvg%20xmlns%3D%22http%3A%2F%2Fwww.w3.org%2F2000%2Fsvg%22%20width%3D%22300%22%20height%3D%22250%22%20viewBox%3D%220%200%20300%20250%22%3E%3C%2Fsvg%3E\" loading=\"eager\"><\/span><span class=\"fg-image-overlay\"><\/span><\/a><figcaption class=\"fg-caption\"><div class=\"fg-caption-inner\"><\/div><\/figcaption><\/figure><div class=\"fg-loader\"><\/div><\/div><div class=\"fg-item fg-type-image fg-idle\"><figure class=\"fg-item-inner\"><a href=\"https:\/\/www.campingparkvallemaira.com\/wp-content\/uploads\/2018\/02\/parco-avventura-valle-maira-sicurezza-4.jpg\" data-attachment-id=\"410\" class=\"fg-thumb\"><span class=\"fg-image-wrap\"><img width=\"300\" height=\"250\" class=\"skip-lazy fg-image\" data-src-fg=\"https:\/\/www.campingparkvallemaira.com\/wp-content\/uploads\/cache\/2018\/02\/parco-avventura-valle-maira-sicurezza-4\/2697151451.jpg\" src=\"data:image\/svg+xml,%3Csvg%20xmlns%3D%22http%3A%2F%2Fwww.w3.org%2F2000%2Fsvg%22%20width%3D%22300%22%20height%3D%22250%22%20viewBox%3D%220%200%20300%20250%22%3E%3C%2Fsvg%3E\" loading=\"eager\"><\/span><span class=\"fg-image-overlay\"><\/span><\/a><figcaption class=\"fg-caption\"><div class=\"fg-caption-inner\"><\/div><\/figcaption><\/figure><div class=\"fg-loader\"><\/div><\/div><div class=\"fg-item fg-type-image fg-idle\"><figure class=\"fg-item-inner\"><a href=\"https:\/\/www.campingparkvallemaira.com\/wp-content\/uploads\/2018\/02\/parco-avventura-valle-maira-sicurezza-5.jpg\" data-attachment-id=\"411\" class=\"fg-thumb\"><span class=\"fg-image-wrap\"><img width=\"300\" height=\"250\" class=\"skip-lazy fg-image\" data-src-fg=\"https:\/\/www.campingparkvallemaira.com\/wp-content\/uploads\/cache\/2018\/02\/parco-avventura-valle-maira-sicurezza-5\/2607890721.jpg\" src=\"data:image\/svg+xml,%3Csvg%20xmlns%3D%22http%3A%2F%2Fwww.w3.org%2F2000%2Fsvg%22%20width%3D%22300%22%20height%3D%22250%22%20viewBox%3D%220%200%20300%20250%22%3E%3C%2Fsvg%3E\" loading=\"eager\"><\/span><span class=\"fg-image-overlay\"><\/span><\/a><figcaption class=\"fg-caption\"><div class=\"fg-caption-inner\"><\/div><\/figcaption><\/figure><div class=\"fg-loader\"><\/div><\/div><div class=\"fg-item fg-type-image fg-idle\"><figure class=\"fg-item-inner\"><a href=\"https:\/\/www.campingparkvallemaira.com\/wp-content\/uploads\/2018\/02\/parco-avventura-valle-maira-sicurezza-6.jpg\" data-attachment-id=\"412\" class=\"fg-thumb\"><span class=\"fg-image-wrap\"><img width=\"300\" height=\"250\" class=\"skip-lazy fg-image\" data-src-fg=\"https:\/\/www.campingparkvallemaira.com\/wp-content\/uploads\/cache\/2018\/02\/parco-avventura-valle-maira-sicurezza-6\/3618063919.jpg\" src=\"data:image\/svg+xml,%3Csvg%20xmlns%3D%22http%3A%2F%2Fwww.w3.org%2F2000%2Fsvg%22%20width%3D%22300%22%20height%3D%22250%22%20viewBox%3D%220%200%20300%20250%22%3E%3C%2Fsvg%3E\" loading=\"eager\"><\/span><span class=\"fg-image-overlay\"><\/span><\/a><figcaption class=\"fg-caption\"><div class=\"fg-caption-inner\"><\/div><\/figcaption><\/figure><div class=\"fg-loader\"><\/div><\/div><\/div>\r\n<\/p>","protected":false},"excerpt":{"rendered":"<p>Per garantire la MASSIMA SICUREZZA ai clienti del PARCO AVVENTURA VALLE MAIRA abbiamo dotato TUTTI I PERCORSI del nostro impianto del nuovo sistema di sicurezza a LINEA VITA CONTINUA COUDOU PRO. Il sistema \u00e8 cos\u00ec composto: lungo tutti i percorsi<\/p>\n","protected":false},"author":2,"featured_media":0,"parent":2,"menu_order":0,"comment_status":"closed","ping_status":"closed","template":"","meta":[],"yoast_head":"<!-- This site is optimized with the Yoast SEO plugin v20.10 - https:\/\/yoast.com\/wordpress\/plugins\/seo\/ -->\n<title>Safety - CAMPEGGIO E PARCO AVVENTURA NEL CUORE DELLA VALLE MAIRA<\/title>\n<meta name=\"robots\" content=\"index, follow, max-snippet:-1, max-image-preview:large, max-video-preview:-1\" \/>\n<link rel=\"canonical\" href=\"https:\/\/www.campingparkvallemaira.com\/parco-avventura-valle-maira\/sicurezza\/\" \/>\n<meta property=\"og:locale\" content=\"en_US\" \/>\n<meta property=\"og:type\" content=\"article\" \/>\n<meta property=\"og:title\" content=\"[:it]Sicurezza[:en]Safety[:] - CAMPEGGIO E PARCO AVVENTURA NEL CUORE DELLA VALLE MAIRA\" \/>\n<meta property=\"og:description\" content=\"Per garantire la MASSIMA SICUREZZA ai clienti del PARCO AVVENTURA VALLE MAIRA abbiamo dotato TUTTI I PERCORSI del nostro impianto del nuovo sistema di sicurezza a LINEA VITA CONTINUA COUDOU PRO. Il sistema \u00e8 cos\u00ec composto: lungo tutti i percorsi\" \/>\n<meta property=\"og:url\" content=\"https:\/\/www.campingparkvallemaira.com\/parco-avventura-valle-maira\/sicurezza\/\" \/>\n<meta property=\"og:site_name\" content=\"CAMPEGGIO E PARCO AVVENTURA NEL CUORE DELLA VALLE MAIRA\" \/>\n<meta property=\"article:publisher\" content=\"https:\/\/www.facebook.com\/campingparkvallemaira\/\" \/>\n<meta property=\"article:modified_time\" content=\"2022-05-06T16:24:07+00:00\" \/>\n<meta name=\"twitter:card\" content=\"summary_large_image\" \/>\n<meta name=\"twitter:label1\" content=\"Est. reading time\" \/>\n\t<meta name=\"twitter:data1\" content=\"2 minutes\" \/>\n<script type=\"application\/ld+json\" class=\"yoast-schema-graph\">{\"@context\":\"https:\/\/schema.org\",\"@graph\":[{\"@type\":\"WebPage\",\"@id\":\"https:\/\/www.campingparkvallemaira.com\/parco-avventura-valle-maira\/sicurezza\/\",\"url\":\"https:\/\/www.campingparkvallemaira.com\/parco-avventura-valle-maira\/sicurezza\/\",\"name\":\"[:it]Sicurezza[:en]Safety[:] - CAMPEGGIO E PARCO AVVENTURA NEL CUORE DELLA VALLE MAIRA\",\"isPartOf\":{\"@id\":\"https:\/\/www.campingparkvallemaira.com\/#website\"},\"datePublished\":\"2016-03-03T12:04:58+00:00\",\"dateModified\":\"2022-05-06T16:24:07+00:00\",\"breadcrumb\":{\"@id\":\"https:\/\/www.campingparkvallemaira.com\/parco-avventura-valle-maira\/sicurezza\/#breadcrumb\"},\"inLanguage\":\"en-US\",\"potentialAction\":[{\"@type\":\"ReadAction\",\"target\":[\"https:\/\/www.campingparkvallemaira.com\/parco-avventura-valle-maira\/sicurezza\/\"]}]},{\"@type\":\"BreadcrumbList\",\"@id\":\"https:\/\/www.campingparkvallemaira.com\/parco-avventura-valle-maira\/sicurezza\/#breadcrumb\",\"itemListElement\":[{\"@type\":\"ListItem\",\"position\":1,\"name\":\"Home\",\"item\":\"https:\/\/www.campingparkvallemaira.com\/\"},{\"@type\":\"ListItem\",\"position\":2,\"name\":\"Parco Avventura\",\"item\":\"https:\/\/www.campingparkvallemaira.com\/parco-avventura-valle-maira\/\"},{\"@type\":\"ListItem\",\"position\":3,\"name\":\"Sicurezza\"}]},{\"@type\":\"WebSite\",\"@id\":\"https:\/\/www.campingparkvallemaira.com\/#website\",\"url\":\"https:\/\/www.campingparkvallemaira.com\/\",\"name\":\"CAMPEGGIO E PARCO AVVENTURA NEL CUORE DELLA VALLE MAIRA\",\"description\":\"\",\"potentialAction\":[{\"@type\":\"SearchAction\",\"target\":{\"@type\":\"EntryPoint\",\"urlTemplate\":\"https:\/\/www.campingparkvallemaira.com\/?s={search_term_string}\"},\"query-input\":\"required name=search_term_string\"}],\"inLanguage\":\"en-US\"}]}<\/script>\n<!-- \/ Yoast SEO plugin. -->","yoast_head_json":{"title":"[:it]Sicurezza[:en]Safety[:] - CAMPEGGIO E PARCO AVVENTURA NEL CUORE DELLA VALLE MAIRA","robots":{"index":"index","follow":"follow","max-snippet":"max-snippet:-1","max-image-preview":"max-image-preview:large","max-video-preview":"max-video-preview:-1"},"canonical":"https:\/\/www.campingparkvallemaira.com\/parco-avventura-valle-maira\/sicurezza\/","og_locale":"en_US","og_type":"article","og_title":"[:it]Sicurezza[:en]Safety[:] - CAMPEGGIO E PARCO AVVENTURA NEL CUORE DELLA VALLE MAIRA","og_description":"Per garantire la MASSIMA SICUREZZA ai clienti del PARCO AVVENTURA VALLE MAIRA abbiamo dotato TUTTI I PERCORSI del nostro impianto del nuovo sistema di sicurezza a LINEA VITA CONTINUA COUDOU PRO. Il sistema \u00e8 cos\u00ec composto: lungo tutti i percorsi","og_url":"https:\/\/www.campingparkvallemaira.com\/parco-avventura-valle-maira\/sicurezza\/","og_site_name":"CAMPEGGIO E PARCO AVVENTURA NEL CUORE DELLA VALLE MAIRA","article_publisher":"https:\/\/www.facebook.com\/campingparkvallemaira\/","article_modified_time":"2022-05-06T16:24:07+00:00","twitter_card":"summary_large_image","twitter_misc":{"Est. reading time":"2 minutes"},"schema":{"@context":"https:\/\/schema.org","@graph":[{"@type":"WebPage","@id":"https:\/\/www.campingparkvallemaira.com\/parco-avventura-valle-maira\/sicurezza\/","url":"https:\/\/www.campingparkvallemaira.com\/parco-avventura-valle-maira\/sicurezza\/","name":"[:it]Sicurezza[:en]Safety[:] - CAMPEGGIO E PARCO AVVENTURA NEL CUORE DELLA VALLE MAIRA","isPartOf":{"@id":"https:\/\/www.campingparkvallemaira.com\/#website"},"datePublished":"2016-03-03T12:04:58+00:00","dateModified":"2022-05-06T16:24:07+00:00","breadcrumb":{"@id":"https:\/\/www.campingparkvallemaira.com\/parco-avventura-valle-maira\/sicurezza\/#breadcrumb"},"inLanguage":"en-US","potentialAction":[{"@type":"ReadAction","target":["https:\/\/www.campingparkvallemaira.com\/parco-avventura-valle-maira\/sicurezza\/"]}]},{"@type":"BreadcrumbList","@id":"https:\/\/www.campingparkvallemaira.com\/parco-avventura-valle-maira\/sicurezza\/#breadcrumb","itemListElement":[{"@type":"ListItem","position":1,"name":"Home","item":"https:\/\/www.campingparkvallemaira.com\/"},{"@type":"ListItem","position":2,"name":"Parco Avventura","item":"https:\/\/www.campingparkvallemaira.com\/parco-avventura-valle-maira\/"},{"@type":"ListItem","position":3,"name":"Sicurezza"}]},{"@type":"WebSite","@id":"https:\/\/www.campingparkvallemaira.com\/#website","url":"https:\/\/www.campingparkvallemaira.com\/","name":"CAMPEGGIO E PARCO AVVENTURA NEL CUORE DELLA VALLE MAIRA","description":"","potentialAction":[{"@type":"SearchAction","target":{"@type":"EntryPoint","urlTemplate":"https:\/\/www.campingparkvallemaira.com\/?s={search_term_string}"},"query-input":"required name=search_term_string"}],"inLanguage":"en-US"}]}},"_links":{"self":[{"href":"https:\/\/www.campingparkvallemaira.com\/en\/wp-json\/wp\/v2\/pages\/52"}],"collection":[{"href":"https:\/\/www.campingparkvallemaira.com\/en\/wp-json\/wp\/v2\/pages"}],"about":[{"href":"https:\/\/www.campingparkvallemaira.com\/en\/wp-json\/wp\/v2\/types\/page"}],"author":[{"embeddable":true,"href":"https:\/\/www.campingparkvallemaira.com\/en\/wp-json\/wp\/v2\/users\/2"}],"replies":[{"embeddable":true,"href":"https:\/\/www.campingparkvallemaira.com\/en\/wp-json\/wp\/v2\/comments?post=52"}],"version-history":[{"count":10,"href":"https:\/\/www.campingparkvallemaira.com\/en\/wp-json\/wp\/v2\/pages\/52\/revisions"}],"predecessor-version":[{"id":1205,"href":"https:\/\/www.campingparkvallemaira.com\/en\/wp-json\/wp\/v2\/pages\/52\/revisions\/1205"}],"up":[{"embeddable":true,"href":"https:\/\/www.campingparkvallemaira.com\/en\/wp-json\/wp\/v2\/pages\/2"}],"wp:attachment":[{"href":"https:\/\/www.campingparkvallemaira.com\/en\/wp-json\/wp\/v2\/media?parent=52"}],"curies":[{"name":"wp","href":"https:\/\/api.w.org\/{rel}","templated":true}]}}