{"id":48,"date":"2016-03-03T13:03:59","date_gmt":"2016-03-03T12:03:59","guid":{"rendered":"http:\/\/www.campingparkvallemaira.com\/?page_id=48"},"modified":"2025-12-10T18:41:35","modified_gmt":"2025-12-10T17:41:35","slug":"tariffe","status":"publish","type":"page","link":"https:\/\/www.campingparkvallemaira.com\/en\/parco-avventura-valle-maira\/tariffe\/","title":{"rendered":"Rates"},"content":{"rendered":"<p>Al <span style=\"color: #ea5a32;\"><strong>PARCO AVVENTURA VALLE MAIRA<\/strong><\/span> sono a pagamento i vari percorsi in base all&#8217;attivit\u00e0 scelta ed all&#8217;et\u00e0 dei partecipanti.<\/p>\n<p>Il\u00a0parco\u00a0<span style=\"text-decoration: underline;\">NON \u00e8 dotato di POS<\/span> per il pagamento con bancomat o carte di credito.<\/p>\n<p><strong>LE TARIFFE SONO A TEMPO.<\/strong><\/p>\n<p>Per ogni mezz&#8217;ora di attivit\u00e0 in pi\u00f9 dovr\u00e0 essere corrisposto l&#8217;importo di \u20ac 5 a persona.<\/p>\n<table style=\"height: 50px; background-color: #f5f5f5;\" width=\"739\">\n<tbody>\n<tr>\n<td style=\"width: 729px; vertical-align: middle; text-align: center;\"><span style=\"color: #ea5a32;\"><span style=\"font-size: 14pt;\"><strong>1 ORA DI ATTIVIT\u00c0<\/strong><\/span><\/span><\/td>\n<\/tr>\n<\/tbody>\n<\/table>\n<p style=\"padding-left: 30px; text-align: center;\">per <strong>RAGAZZI DAI 6 AI 10 ANNI<\/strong>\u00a0con accesso ai percorsi\u00a0<span style=\"color: #00ff00;\"><strong>VERDE<\/strong><strong>\u00a0<\/strong><\/span><strong>&#8211;<\/strong><span style=\"color: #00ff00;\"><strong>\u00a0<\/strong><\/span><strong><span style=\"color: #339966;\">VERDE PLUS<\/span><\/strong><\/p>\n<table class=\" aligncenter\" style=\"height: 65px; width: 279px;\">\n<tbody>\n<tr style=\"height: 27px;\">\n<td style=\"background-color: #f5f5f5; width: 50px; text-align: center; vertical-align: middle;\"><span style=\"color: #ea5a32;\"><strong><span style=\"font-size: 14pt;\">\u20ac 10<\/span><\/strong><\/span><\/td>\n<td style=\"width: 147px; height: 27px; text-align: center; vertical-align: middle;\"><strong><span style=\"font-size: 14pt;\">1 ragazzo<\/span><\/strong><\/td>\n<\/tr>\n<tr style=\"height: 29px;\">\n<td style=\"background-color: #f5f5f5; width: 50px; text-align: center; vertical-align: middle;\"><span style=\"color: #ea5a32;\"><strong><span style=\"font-size: 14pt;\">\u20ac 10<\/span><\/strong><\/span><\/td>\n<td style=\"width: 147px; height: 29px; text-align: center; vertical-align: middle;\"><strong><span style=\"font-size: 14pt;\">1 adulto<\/span><\/strong><\/td>\n<\/tr>\n<\/tbody>\n<\/table>\n<p style=\"padding-left: 30px; text-align: center;\">I ragazzi possono affrontare i 2 percorsi anche da soli, ma obbligatoriamente seguiti a terra da un adulto responsabile che pu\u00f2 anche accompagnare sui percorsi i ragazzi<\/p>\n<table style=\"height: 50px; background-color: #f5f5f5;\" width=\"749\">\n<tbody>\n<tr>\n<td style=\"width: 739px; text-align: center; vertical-align: middle;\"><span style=\"color: #ea5a32;\"><span style=\"font-size: 14pt;\"><strong>2 ORE\u00a0 \u00bd DI ATTIVIT\u00c0<\/strong><\/span><\/span><\/td>\n<\/tr>\n<\/tbody>\n<\/table>\n<p style=\"padding-left: 30px; text-align: center;\">per <strong>RAGAZZI DAI 6 AI 13 ANNI<\/strong>\u00a0con accesso ai percorsi\u00a0<span style=\"color: #00ff00;\"><strong>VERDE<\/strong><\/span><strong>\u00a0&#8211;\u00a0<span style=\"color: #339966;\">VERDE PLUS<\/span>\u00a0&#8211;\u00a0<span style=\"color: #339966;\"><span style=\"color: #0000ff;\">BLU<\/span><\/span><\/strong><\/p>\n<table class=\" aligncenter\" style=\"height: 33px; width: 278px;\">\n<tbody>\n<tr style=\"height: 31px;\">\n<td style=\"width: 50px; height: 31px; background-color: #f5f5f5; text-align: center; vertical-align: middle;\"><span style=\"color: #ea5a32;\"><strong><span style=\"font-size: 14pt;\">\u20ac 15<\/span><\/strong><\/span><\/td>\n<td style=\"width: 156px; height: 31px; text-align: center; vertical-align: middle;\"><strong><span style=\"font-size: 14pt;\">1 ragazzo<\/span><\/strong><\/td>\n<\/tr>\n<\/tbody>\n<\/table>\n<p style=\"padding-left: 30px; text-align: center;\">I ragazzi devono essere accompagnati sul percorso <strong><span style=\"color: #0000ff;\">BLU\u00a0<\/span><\/strong>\u00a0da un adulto responsabile<\/p>\n<hr \/>\n<p style=\"padding-left: 30px; text-align: center;\">per <strong>RAGAZZI DAI 14 AI 16 ANNI<\/strong>\u00a0con accesso ai percorsi\u00a0<span style=\"color: #00ff00;\"><strong>VERDE<\/strong><\/span><strong>\u00a0&#8211;\u00a0<span style=\"color: #339966;\">VERDE PLUS<\/span>\u00a0&#8211;\u00a0<span style=\"color: #339966;\"><span style=\"color: #0000ff;\">BLU<\/span><\/span> &#8211;\u00a0<\/strong><strong><span style=\"color: #339966;\"><span style=\"color: #ff0000;\">ROSSO<\/span><\/span><\/strong><\/p>\n<table class=\" aligncenter\" style=\"height: 33px; width: 278px;\">\n<tbody>\n<tr style=\"height: 31px;\">\n<td style=\"width: 50px; height: 31px; background-color: #f5f5f5; text-align: center; vertical-align: middle;\"><span style=\"color: #ea5a32;\"><strong><span style=\"font-size: 14pt;\">\u20ac 18<\/span><\/strong><\/span><\/td>\n<td style=\"width: 156px; height: 31px; text-align: center; vertical-align: middle;\"><strong><span style=\"font-size: 14pt;\">1 ragazzo<\/span><\/strong><\/td>\n<\/tr>\n<\/tbody>\n<\/table>\n<p style=\"text-align: center;\">I ragazzi devono essere accompagnati sul percorso <strong><span style=\"color: #0000ff;\"><span style=\"color: #339966;\"><span style=\"color: #ff0000;\">ROSSO<\/span><\/span><\/span><\/strong>\u00a0da un adulto responsabile<\/p>\n<hr \/>\n<p style=\"padding-left: 30px; text-align: center;\">per <strong>RAGAZZI DAI 17 ANNI\/ADULTI<\/strong>\u00a0con accesso ai percorsi\u00a0<span style=\"color: #00ff00;\"><strong>VERDE<\/strong><\/span><strong>\u00a0&#8211;\u00a0<span style=\"color: #339966;\">VERDE PLUS<\/span>\u00a0&#8211;\u00a0<span style=\"color: #339966;\"><span style=\"color: #0000ff;\">BLU<\/span><\/span> &#8211;\u00a0<\/strong><strong><span style=\"color: #339966;\"><span style=\"color: #ff0000;\">ROSSO<\/span><\/span><\/strong><\/p>\n<table class=\" aligncenter\" style=\"height: 33px; width: 278px;\">\n<tbody>\n<tr style=\"height: 31px;\">\n<td style=\"width: 50px; height: 31px; background-color: #f5f5f5; text-align: center; vertical-align: middle;\"><span style=\"color: #ea5a32;\"><strong><span style=\"font-size: 14pt;\">\u20ac 20<\/span><\/strong><\/span><\/td>\n<td style=\"width: 156px; height: 31px; text-align: center; vertical-align: middle;\"><strong><span style=\"font-size: 14pt;\">1 ragazzo \/ adulto<\/span><\/strong><\/td>\n<\/tr>\n<\/tbody>\n<\/table>\n<table style=\"height: 35px; background-color: #f5f5f5;\" width=\"809\">\n<tbody>\n<tr>\n<td style=\"width: 799px;\">\n<p style=\"text-align: center;\"><strong>TARIFFE SPECIALI<\/strong> per CENTRI ESTIVI, ORATORI, SCOUT, ESTATE RAGAZZI, GRUPPI SPORTIVI&#8230;<\/p>\n<p style=\"text-align: center;\"><strong>OFFERTE PERSONALIZZATE<\/strong> per\u00a0SCUOLE, GRUPPI ORGANIZZATI, FESTE DI COMPLEANNO, ADDIO NUBILATO\/CELIBATO, AZIENDE&#8230;<\/p>\n<p style=\"text-align: center;\"><span style=\"color: #ea5a32;\"><em><span style=\"text-decoration: underline;\"><span style=\"font-size: 14pt;\"><strong><a style=\"color: #ea5a32; text-decoration: underline;\" href=\"http:\/\/www.campingparkvallemaira.com\/contatti\/\" target=\"_blank\" rel=\"noopener\">CONTATTATECI PER UN PREVENTIVO<\/a><\/strong><\/span><\/span><\/em><\/span><\/p>\n<\/td>\n<\/tr>\n<\/tbody>\n<\/table>\n<p style=\"text-align: center;\">\n<p><\/p>","protected":false},"excerpt":{"rendered":"<p>Al PARCO AVVENTURA VALLE MAIRA sono a pagamento i vari percorsi in base all&#8217;attivit\u00e0 scelta ed all&#8217;et\u00e0 dei partecipanti. Il\u00a0parco\u00a0NON \u00e8 dotato di POS per il pagamento con bancomat o carte di credito. LE TARIFFE SONO A TEMPO. Per ogni<\/p>\n","protected":false},"author":2,"featured_media":0,"parent":2,"menu_order":0,"comment_status":"closed","ping_status":"closed","template":"","meta":{"footnotes":""},"class_list":["post-48","page","type-page","status-publish","hentry"],"yoast_head":"<!-- This site is optimized with the Yoast SEO plugin v20.10 - https:\/\/yoast.com\/wordpress\/plugins\/seo\/ -->\n<title>Rates - CAMPEGGIO E PARCO AVVENTURA NEL CUORE DELLA VALLE MAIRA<\/title>\n<meta name=\"robots\" content=\"index, follow, max-snippet:-1, max-image-preview:large, max-video-preview:-1\" \/>\n<link rel=\"canonical\" href=\"https:\/\/www.campingparkvallemaira.com\/parco-avventura-valle-maira\/tariffe\/\" \/>\n<meta property=\"og:locale\" content=\"en_US\" \/>\n<meta property=\"og:type\" content=\"article\" \/>\n<meta property=\"og:title\" content=\"[:it]Tariffe[:en]Rates[:] - CAMPEGGIO E PARCO AVVENTURA NEL CUORE DELLA VALLE MAIRA\" \/>\n<meta property=\"og:description\" content=\"Al PARCO AVVENTURA VALLE MAIRA sono a pagamento i vari percorsi in base all&#8217;attivit\u00e0 scelta ed all&#8217;et\u00e0 dei partecipanti. Il\u00a0parco\u00a0NON \u00e8 dotato di POS per il pagamento con bancomat o carte di credito. LE TARIFFE SONO A TEMPO. Per ogni\" \/>\n<meta property=\"og:url\" content=\"https:\/\/www.campingparkvallemaira.com\/parco-avventura-valle-maira\/tariffe\/\" \/>\n<meta property=\"og:site_name\" content=\"CAMPEGGIO E PARCO AVVENTURA NEL CUORE DELLA VALLE MAIRA\" \/>\n<meta property=\"article:publisher\" content=\"https:\/\/www.facebook.com\/campingparkvallemaira\/\" \/>\n<meta property=\"article:modified_time\" content=\"2025-12-10T17:41:35+00:00\" \/>\n<meta name=\"twitter:card\" content=\"summary_large_image\" \/>\n<meta name=\"twitter:label1\" content=\"Est. reading time\" \/>\n\t<meta name=\"twitter:data1\" content=\"3 minutes\" \/>\n<script type=\"application\/ld+json\" class=\"yoast-schema-graph\">{\"@context\":\"https:\/\/schema.org\",\"@graph\":[{\"@type\":\"WebPage\",\"@id\":\"https:\/\/www.campingparkvallemaira.com\/parco-avventura-valle-maira\/tariffe\/\",\"url\":\"https:\/\/www.campingparkvallemaira.com\/parco-avventura-valle-maira\/tariffe\/\",\"name\":\"[:it]Tariffe[:en]Rates[:] - CAMPEGGIO E PARCO AVVENTURA NEL CUORE DELLA VALLE MAIRA\",\"isPartOf\":{\"@id\":\"https:\/\/www.campingparkvallemaira.com\/#website\"},\"datePublished\":\"2016-03-03T12:03:59+00:00\",\"dateModified\":\"2025-12-10T17:41:35+00:00\",\"breadcrumb\":{\"@id\":\"https:\/\/www.campingparkvallemaira.com\/parco-avventura-valle-maira\/tariffe\/#breadcrumb\"},\"inLanguage\":\"en-US\",\"potentialAction\":[{\"@type\":\"ReadAction\",\"target\":[\"https:\/\/www.campingparkvallemaira.com\/parco-avventura-valle-maira\/tariffe\/\"]}]},{\"@type\":\"BreadcrumbList\",\"@id\":\"https:\/\/www.campingparkvallemaira.com\/parco-avventura-valle-maira\/tariffe\/#breadcrumb\",\"itemListElement\":[{\"@type\":\"ListItem\",\"position\":1,\"name\":\"Home\",\"item\":\"https:\/\/www.campingparkvallemaira.com\/\"},{\"@type\":\"ListItem\",\"position\":2,\"name\":\"Parco Avventura\",\"item\":\"https:\/\/www.campingparkvallemaira.com\/parco-avventura-valle-maira\/\"},{\"@type\":\"ListItem\",\"position\":3,\"name\":\"Tariffe\"}]},{\"@type\":\"WebSite\",\"@id\":\"https:\/\/www.campingparkvallemaira.com\/#website\",\"url\":\"https:\/\/www.campingparkvallemaira.com\/\",\"name\":\"CAMPEGGIO E PARCO AVVENTURA NEL CUORE DELLA VALLE MAIRA\",\"description\":\"\",\"potentialAction\":[{\"@type\":\"SearchAction\",\"target\":{\"@type\":\"EntryPoint\",\"urlTemplate\":\"https:\/\/www.campingparkvallemaira.com\/?s={search_term_string}\"},\"query-input\":\"required name=search_term_string\"}],\"inLanguage\":\"en-US\"}]}<\/script>\n<!-- \/ Yoast SEO plugin. -->","yoast_head_json":{"title":"[:it]Tariffe[:en]Rates[:] - CAMPEGGIO E PARCO AVVENTURA NEL CUORE DELLA VALLE MAIRA","robots":{"index":"index","follow":"follow","max-snippet":"max-snippet:-1","max-image-preview":"max-image-preview:large","max-video-preview":"max-video-preview:-1"},"canonical":"https:\/\/www.campingparkvallemaira.com\/parco-avventura-valle-maira\/tariffe\/","og_locale":"en_US","og_type":"article","og_title":"[:it]Tariffe[:en]Rates[:] - CAMPEGGIO E PARCO AVVENTURA NEL CUORE DELLA VALLE MAIRA","og_description":"Al PARCO AVVENTURA VALLE MAIRA sono a pagamento i vari percorsi in base all&#8217;attivit\u00e0 scelta ed all&#8217;et\u00e0 dei partecipanti. Il\u00a0parco\u00a0NON \u00e8 dotato di POS per il pagamento con bancomat o carte di credito. LE TARIFFE SONO A TEMPO. Per ogni","og_url":"https:\/\/www.campingparkvallemaira.com\/parco-avventura-valle-maira\/tariffe\/","og_site_name":"CAMPEGGIO E PARCO AVVENTURA NEL CUORE DELLA VALLE MAIRA","article_publisher":"https:\/\/www.facebook.com\/campingparkvallemaira\/","article_modified_time":"2025-12-10T17:41:35+00:00","twitter_card":"summary_large_image","twitter_misc":{"Est. reading time":"3 minutes"},"schema":{"@context":"https:\/\/schema.org","@graph":[{"@type":"WebPage","@id":"https:\/\/www.campingparkvallemaira.com\/parco-avventura-valle-maira\/tariffe\/","url":"https:\/\/www.campingparkvallemaira.com\/parco-avventura-valle-maira\/tariffe\/","name":"[:it]Tariffe[:en]Rates[:] - CAMPEGGIO E PARCO AVVENTURA NEL CUORE DELLA VALLE MAIRA","isPartOf":{"@id":"https:\/\/www.campingparkvallemaira.com\/#website"},"datePublished":"2016-03-03T12:03:59+00:00","dateModified":"2025-12-10T17:41:35+00:00","breadcrumb":{"@id":"https:\/\/www.campingparkvallemaira.com\/parco-avventura-valle-maira\/tariffe\/#breadcrumb"},"inLanguage":"en-US","potentialAction":[{"@type":"ReadAction","target":["https:\/\/www.campingparkvallemaira.com\/parco-avventura-valle-maira\/tariffe\/"]}]},{"@type":"BreadcrumbList","@id":"https:\/\/www.campingparkvallemaira.com\/parco-avventura-valle-maira\/tariffe\/#breadcrumb","itemListElement":[{"@type":"ListItem","position":1,"name":"Home","item":"https:\/\/www.campingparkvallemaira.com\/"},{"@type":"ListItem","position":2,"name":"Parco Avventura","item":"https:\/\/www.campingparkvallemaira.com\/parco-avventura-valle-maira\/"},{"@type":"ListItem","position":3,"name":"Tariffe"}]},{"@type":"WebSite","@id":"https:\/\/www.campingparkvallemaira.com\/#website","url":"https:\/\/www.campingparkvallemaira.com\/","name":"CAMPEGGIO E PARCO AVVENTURA NEL CUORE DELLA VALLE MAIRA","description":"","potentialAction":[{"@type":"SearchAction","target":{"@type":"EntryPoint","urlTemplate":"https:\/\/www.campingparkvallemaira.com\/?s={search_term_string}"},"query-input":"required name=search_term_string"}],"inLanguage":"en-US"}]}},"_links":{"self":[{"href":"https:\/\/www.campingparkvallemaira.com\/en\/wp-json\/wp\/v2\/pages\/48","targetHints":{"allow":["GET"]}}],"collection":[{"href":"https:\/\/www.campingparkvallemaira.com\/en\/wp-json\/wp\/v2\/pages"}],"about":[{"href":"https:\/\/www.campingparkvallemaira.com\/en\/wp-json\/wp\/v2\/types\/page"}],"author":[{"embeddable":true,"href":"https:\/\/www.campingparkvallemaira.com\/en\/wp-json\/wp\/v2\/users\/2"}],"replies":[{"embeddable":true,"href":"https:\/\/www.campingparkvallemaira.com\/en\/wp-json\/wp\/v2\/comments?post=48"}],"version-history":[{"count":41,"href":"https:\/\/www.campingparkvallemaira.com\/en\/wp-json\/wp\/v2\/pages\/48\/revisions"}],"predecessor-version":[{"id":1753,"href":"https:\/\/www.campingparkvallemaira.com\/en\/wp-json\/wp\/v2\/pages\/48\/revisions\/1753"}],"up":[{"embeddable":true,"href":"https:\/\/www.campingparkvallemaira.com\/en\/wp-json\/wp\/v2\/pages\/2"}],"wp:attachment":[{"href":"https:\/\/www.campingparkvallemaira.com\/en\/wp-json\/wp\/v2\/media?parent=48"}],"curies":[{"name":"wp","href":"https:\/\/api.w.org\/{rel}","templated":true}]}}