{"id":2,"date":"2016-03-03T11:10:13","date_gmt":"2016-03-03T10:10:13","guid":{"rendered":"http:\/\/www.campingparkvallemaira.com\/?page_id=2"},"modified":"2022-05-06T17:15:16","modified_gmt":"2022-05-06T15:15:16","slug":"parco-avventura-valle-maira","status":"publish","type":"page","link":"https:\/\/www.campingparkvallemaira.com\/en\/parco-avventura-valle-maira\/","title":{"rendered":"Adventure Park"},"content":{"rendered":"<p>Nel cuore della Valle Maira, lungo la strada principale che collega Dronero ad Acceglio, in una bellissima foresta di pini silvestri ed abeti bianchi trovate il <span style=\"color: #ea5a32;\"><strong>PARCO AVVENTURA VALLE MAIRA<\/strong><\/span>, un complesso di percorsi acrobatici sospesi tra gli alberi.<\/p>\n<p>Si tratta di attivit\u00e0 ludico-sportive a varie altezze, da affrontare, equipaggiati con l&#8217;idonea attrezzatura, in <strong>TOTALE AUTONOMIA<\/strong> e <strong>COMPLETA SICUREZZA<\/strong>, mettendo alla prova il proprio coraggio, l&#8217;equilibrio, la capacit\u00e0 di superare gli ostacoli e la voglia di avventura.<\/p>\n<p>Il PARCO AVVENTURA \u00e8 stato concepito e realizzato nel pieno rispetto della natura e sono state utilizzate le pi\u00f9 innovative tecniche costruttive oggi disponibili sul mercato.<\/p>\n<p>Gli alberi, la &#8220;struttura portante&#8221; vera e propria del PARCO, vengono regolarmente monitorati e controllati; la totalit\u00e0 delle strutture artificiali presenti, sono state installate con metodi non invasivi per le piante.<\/p>\n<p>Particolari sistemi di ancoraggio per cavi e piattaforme permettono una periodica regolazione, consentendo cos\u00ec la normale crescita delle piante.<\/p>\n<p>Lo STAFF del PARCO \u00e8 costituito da ISTRUTTORI\/SOCCORRITORI di parco avventura, formati per accogliere, istruire, seguire e nel caso aiutare i clienti lungo i percorsi.<\/p>\n<p>Dopo la fase di VESTIZIONE, durante la quale gli utenti vengono forniti ed equipaggiati dei dispositivi di protezione individuale (D.P.I.: casco, imbrago, longes, moschettoni, carrucola) necessari per affrontare in sicurezza i vari percorsi, segue la parte di BRIEFING ISTRUTTIVO, dove saranno fornite le istruzioni per l&#8217;uso corretto dell&#8217;attrezzatura lungo i percorsi.<\/p>\n<p>A seguire, sul PERCORSO PROVA, ogni utente verifica le capacit\u00e0 acquisite e pu\u00f2 cos\u00ec successivamente accedere ai vari percorsi.<\/p>\n<p>&nbsp;<\/p>\n<style type=\"text\/css\">\n#foogallery-gallery-827_1 .fg-image { width: 250px; }\n#foogallery-gallery-827_1 { --fg-gutter: 20px; }<\/style>\n\t\t\t<div class=\"foogallery foogallery-container foogallery-default foogallery-lightbox-none fg-center fg-default fg-ready fg-light fg-round-large fg-shadow-small fg-loading-default fg-loaded-fade-in fg-caption-hover fg-hover-fade fg-hover-zoom\" id=\"foogallery-gallery-827_1\" data-foogallery=\"{&quot;item&quot;:{&quot;showCaptionTitle&quot;:true,&quot;showCaptionDescription&quot;:true},&quot;lazy&quot;:true}\" style=\"--fg-title-line-clamp: 0; --fg-description-line-clamp: 0;\" >\n\t<div class=\"fg-item fg-type-image fg-idle\"><figure class=\"fg-item-inner\"><a href=\"https:\/\/www.campingparkvallemaira.com\/wp-content\/uploads\/2018\/03\/parco-avventura-valle-maira-32-e1522831675711.jpg\" data-attachment-id=\"616\" data-type=\"image\" class=\"fg-thumb\"><span class=\"fg-image-wrap\"><img fetchpriority=\"high\" decoding=\"async\" width=\"250\" height=\"250\" class=\"skip-lazy fg-image\" data-src-fg=\"https:\/\/www.campingparkvallemaira.com\/wp-content\/uploads\/cache\/2018\/03\/parco-avventura-valle-maira-32-e1522831675711\/4172807517.jpg\" src=\"data:image\/svg+xml,%3Csvg%20xmlns%3D%22http%3A%2F%2Fwww.w3.org%2F2000%2Fsvg%22%20width%3D%22250%22%20height%3D%22250%22%20viewBox%3D%220%200%20250%20250%22%3E%3C%2Fsvg%3E\" loading=\"eager\"><\/span><span class=\"fg-image-overlay\"><\/span><\/a><\/figure><div class=\"fg-loader\"><\/div><\/div><div class=\"fg-item fg-type-image fg-idle\"><figure class=\"fg-item-inner\"><a href=\"https:\/\/www.campingparkvallemaira.com\/wp-content\/uploads\/2018\/03\/parco-avventura-valle-maira-45-e1522917459855.jpg\" data-attachment-id=\"629\" data-type=\"image\" class=\"fg-thumb\"><span class=\"fg-image-wrap\"><img decoding=\"async\" width=\"250\" height=\"250\" class=\"skip-lazy fg-image\" data-src-fg=\"https:\/\/www.campingparkvallemaira.com\/wp-content\/uploads\/cache\/2018\/03\/parco-avventura-valle-maira-45-e1522917459855\/3161317707.jpg\" src=\"data:image\/svg+xml,%3Csvg%20xmlns%3D%22http%3A%2F%2Fwww.w3.org%2F2000%2Fsvg%22%20width%3D%22250%22%20height%3D%22250%22%20viewBox%3D%220%200%20250%20250%22%3E%3C%2Fsvg%3E\" loading=\"eager\"><\/span><span class=\"fg-image-overlay\"><\/span><\/a><\/figure><div class=\"fg-loader\"><\/div><\/div><div class=\"fg-item fg-type-image fg-idle\"><figure class=\"fg-item-inner\"><a href=\"https:\/\/www.campingparkvallemaira.com\/wp-content\/uploads\/2018\/03\/parco-avventura-valle-maira-8.jpg\" data-attachment-id=\"588\" data-type=\"image\" class=\"fg-thumb\"><span class=\"fg-image-wrap\"><img decoding=\"async\" width=\"250\" height=\"250\" class=\"skip-lazy fg-image\" data-src-fg=\"https:\/\/www.campingparkvallemaira.com\/wp-content\/uploads\/cache\/2018\/03\/parco-avventura-valle-maira-8\/1108183808.jpg\" src=\"data:image\/svg+xml,%3Csvg%20xmlns%3D%22http%3A%2F%2Fwww.w3.org%2F2000%2Fsvg%22%20width%3D%22250%22%20height%3D%22250%22%20viewBox%3D%220%200%20250%20250%22%3E%3C%2Fsvg%3E\" loading=\"eager\"><\/span><span class=\"fg-image-overlay\"><\/span><\/a><\/figure><div class=\"fg-loader\"><\/div><\/div><div class=\"fg-item fg-type-image fg-idle\"><figure class=\"fg-item-inner\"><a href=\"https:\/\/www.campingparkvallemaira.com\/wp-content\/uploads\/2018\/03\/parco-avventura-valle-maira-33.jpg\" data-attachment-id=\"617\" data-type=\"image\" class=\"fg-thumb\"><span class=\"fg-image-wrap\"><img decoding=\"async\" width=\"250\" height=\"250\" class=\"skip-lazy fg-image\" data-src-fg=\"https:\/\/www.campingparkvallemaira.com\/wp-content\/uploads\/cache\/2018\/03\/parco-avventura-valle-maira-33\/802218191.jpg\" src=\"data:image\/svg+xml,%3Csvg%20xmlns%3D%22http%3A%2F%2Fwww.w3.org%2F2000%2Fsvg%22%20width%3D%22250%22%20height%3D%22250%22%20viewBox%3D%220%200%20250%20250%22%3E%3C%2Fsvg%3E\" loading=\"eager\"><\/span><span class=\"fg-image-overlay\"><\/span><\/a><\/figure><div class=\"fg-loader\"><\/div><\/div><\/div>\n\n<p>&nbsp;<\/p>\n<p>Il <span style=\"color: #ea5a32;\"><strong>PARCO AVVENTURA VALLE MAIRA<\/strong><\/span> \u00e8 aperto da Maggio ad Ottobre <a href=\"http:\/\/www.campingparkvallemaira.com\/parco-avventura-valle-maira\/orari-e-calendario\/\" target=\"_blank\" rel=\"noopener\">(orari e calendario)<\/a>\u00a0e vi aspetta per trascorrere con la famiglia o tra amici una giornata all&#8217;insegna del divertimento e dell&#8217;attivit\u00e0 in mezzo alla natura. Chi non accede ai percorsi pu\u00f2 rilassarsi in un ambiente naturale, giocare nel grande prato al centro del PARCO, in riva al Torrente Elva o semplicemente sonnecchiare all&#8217;ombra dei nostri bellissimi alberi.<\/p>\n<p>A disposizione dei clienti tavoli per pic-nic, un&#8217;accogliente BAR CAFE&#8217; e toilette.<\/p>\n<p>Inoltre la struttura dispone di un CAMPEGGIO attrezzato per tende, camper, roulotte, con comode piazzole dotate di allaccio elettrico, servizi igenici\u00a0 e lavanderia con acqua calda, aree per il bbq.<\/p>\n<p>Venite a trascorrere un rilassante week end da noi: ai clienti del campeggio offriamo uno sconto del 10% sul prezzo totale dei biglietti di ingresso al PARCO AVVENTURA.<\/p>\n<table style=\"height: 25px; background-color: #f5f5f5;\" width=\"1031\">\n<tbody>\n<tr>\n<td style=\"width: 1021px;\">\n<p style=\"text-align: center;\"><strong>Il PARCO pu\u00f2 ospitare SCUOLE, GRUPPI, AZIENDE, CENTRI ESTIVI, ORATORI, ESTATE RAGAZZI, SCOUT&#8230;<\/strong><\/p>\n<p style=\"text-align: center;\"><strong>Organizza da noi la tua FESTA di COMPLEANNO, di LAUREA, l&#8217;addio al CELIBATO\/NUBILATO&#8230; per trascorrere con i tuoi amici una giornata speciale e originale.<\/strong><\/p>\n<p style=\"text-align: center;\"><span style=\"text-decoration: underline; color: #ea5a00;\"><em><span style=\"font-size: 14pt;\"><a style=\"color: #ea5a00;\" href=\"http:\/\/www.campingparkvallemaira.com\/contatti\/\" target=\"_blank\" rel=\"noopener\"><strong>CONTATTATECI PER UN PREVENTIVO<\/strong><\/a><\/span><\/em><\/span><\/p>\n<\/td>\n<\/tr>\n<\/tbody>\n<\/table>\n<p><style type=\"text\/css\">\n#foogallery-gallery-829_1 .fg-image { width: 250px; }\n#foogallery-gallery-829_1 { --fg-gutter: 20px; }<\/style>\n\t\t\t<div class=\"foogallery foogallery-container foogallery-default foogallery-lightbox-none fg-center fg-default fg-ready fg-light fg-round-large fg-shadow-small fg-loading-default fg-loaded-fade-in fg-caption-hover fg-hover-fade fg-hover-zoom\" id=\"foogallery-gallery-829_1\" data-foogallery=\"{&quot;item&quot;:{&quot;showCaptionTitle&quot;:true,&quot;showCaptionDescription&quot;:true},&quot;lazy&quot;:true}\" style=\"--fg-title-line-clamp: 0; --fg-description-line-clamp: 0;\" >\n\t<div class=\"fg-item fg-type-image fg-idle\"><figure class=\"fg-item-inner\"><a href=\"https:\/\/www.campingparkvallemaira.com\/wp-content\/uploads\/2018\/04\/parco-avventura-valle-maira-42-e1522830788638.jpg\" data-attachment-id=\"753\" data-type=\"image\" class=\"fg-thumb\"><span class=\"fg-image-wrap\"><img decoding=\"async\" width=\"250\" height=\"250\" class=\"skip-lazy fg-image\" data-src-fg=\"https:\/\/www.campingparkvallemaira.com\/wp-content\/uploads\/cache\/2018\/04\/parco-avventura-valle-maira-42-e1522830788638\/1663882956.jpg\" src=\"data:image\/svg+xml,%3Csvg%20xmlns%3D%22http%3A%2F%2Fwww.w3.org%2F2000%2Fsvg%22%20width%3D%22250%22%20height%3D%22250%22%20viewBox%3D%220%200%20250%20250%22%3E%3C%2Fsvg%3E\" loading=\"eager\"><\/span><span class=\"fg-image-overlay\"><\/span><\/a><\/figure><div class=\"fg-loader\"><\/div><\/div><div class=\"fg-item fg-type-image fg-idle\"><figure class=\"fg-item-inner\"><a href=\"https:\/\/www.campingparkvallemaira.com\/wp-content\/uploads\/2018\/04\/parco-avventura-valle-maira-52-e1522830826507.jpg\" data-attachment-id=\"755\" data-type=\"image\" class=\"fg-thumb\"><span class=\"fg-image-wrap\"><img decoding=\"async\" width=\"250\" height=\"250\" class=\"skip-lazy fg-image\" data-src-fg=\"https:\/\/www.campingparkvallemaira.com\/wp-content\/uploads\/cache\/2018\/04\/parco-avventura-valle-maira-52-e1522830826507\/2956665382.jpg\" src=\"data:image\/svg+xml,%3Csvg%20xmlns%3D%22http%3A%2F%2Fwww.w3.org%2F2000%2Fsvg%22%20width%3D%22250%22%20height%3D%22250%22%20viewBox%3D%220%200%20250%20250%22%3E%3C%2Fsvg%3E\" loading=\"eager\"><\/span><span class=\"fg-image-overlay\"><\/span><\/a><\/figure><div class=\"fg-loader\"><\/div><\/div><div class=\"fg-item fg-type-image fg-idle\"><figure class=\"fg-item-inner\"><a href=\"https:\/\/www.campingparkvallemaira.com\/wp-content\/uploads\/2018\/04\/parco-avventura-valle-maira-24-e1522830855582.jpg\" data-attachment-id=\"752\" data-type=\"image\" class=\"fg-thumb\"><span class=\"fg-image-wrap\"><img decoding=\"async\" width=\"250\" height=\"250\" class=\"skip-lazy fg-image\" data-src-fg=\"https:\/\/www.campingparkvallemaira.com\/wp-content\/uploads\/cache\/2018\/04\/parco-avventura-valle-maira-24-e1522830855582\/2024886821.jpg\" src=\"data:image\/svg+xml,%3Csvg%20xmlns%3D%22http%3A%2F%2Fwww.w3.org%2F2000%2Fsvg%22%20width%3D%22250%22%20height%3D%22250%22%20viewBox%3D%220%200%20250%20250%22%3E%3C%2Fsvg%3E\" loading=\"eager\"><\/span><span class=\"fg-image-overlay\"><\/span><\/a><\/figure><div class=\"fg-loader\"><\/div><\/div><div class=\"fg-item fg-type-image fg-idle\"><figure class=\"fg-item-inner\"><a href=\"https:\/\/www.campingparkvallemaira.com\/wp-content\/uploads\/2018\/04\/parco-avventura-valle-maira-51-e1522830901807.jpg\" data-attachment-id=\"754\" data-type=\"image\" class=\"fg-thumb\"><span class=\"fg-image-wrap\"><img decoding=\"async\" width=\"250\" height=\"250\" class=\"skip-lazy fg-image\" data-src-fg=\"https:\/\/www.campingparkvallemaira.com\/wp-content\/uploads\/cache\/2018\/04\/parco-avventura-valle-maira-51-e1522830901807\/3879061051.jpg\" src=\"data:image\/svg+xml,%3Csvg%20xmlns%3D%22http%3A%2F%2Fwww.w3.org%2F2000%2Fsvg%22%20width%3D%22250%22%20height%3D%22250%22%20viewBox%3D%220%200%20250%20250%22%3E%3C%2Fsvg%3E\" loading=\"eager\"><\/span><span class=\"fg-image-overlay\"><\/span><\/a><\/figure><div class=\"fg-loader\"><\/div><\/div><\/div>\n<\/p>","protected":false},"excerpt":{"rendered":"<p>Nel cuore della Valle Maira, lungo la strada principale che collega Dronero ad Acceglio, in una bellissima foresta di pini silvestri ed abeti bianchi trovate il PARCO AVVENTURA VALLE MAIRA, un complesso di percorsi acrobatici sospesi tra gli alberi. Si<\/p>\n","protected":false},"author":2,"featured_media":0,"parent":0,"menu_order":0,"comment_status":"closed","ping_status":"closed","template":"","meta":{"footnotes":""},"class_list":["post-2","page","type-page","status-publish","hentry"],"yoast_head":"<!-- This site is optimized with the Yoast SEO plugin v20.10 - https:\/\/yoast.com\/wordpress\/plugins\/seo\/ -->\n<title>Adventure Park - CAMPEGGIO E PARCO AVVENTURA NEL CUORE DELLA VALLE MAIRA<\/title>\n<meta name=\"robots\" content=\"index, follow, max-snippet:-1, max-image-preview:large, max-video-preview:-1\" \/>\n<link rel=\"canonical\" href=\"https:\/\/www.campingparkvallemaira.com\/parco-avventura-valle-maira\/\" \/>\n<meta property=\"og:locale\" content=\"en_US\" \/>\n<meta property=\"og:type\" content=\"article\" \/>\n<meta property=\"og:title\" content=\"[:it]Parco Avventura[:en]Adventure Park[:] - CAMPEGGIO E PARCO AVVENTURA NEL CUORE DELLA VALLE MAIRA\" \/>\n<meta property=\"og:description\" content=\"Nel cuore della Valle Maira, lungo la strada principale che collega Dronero ad Acceglio, in una bellissima foresta di pini silvestri ed abeti bianchi trovate il PARCO AVVENTURA VALLE MAIRA, un complesso di percorsi acrobatici sospesi tra gli alberi. Si\" \/>\n<meta property=\"og:url\" content=\"https:\/\/www.campingparkvallemaira.com\/parco-avventura-valle-maira\/\" \/>\n<meta property=\"og:site_name\" content=\"CAMPEGGIO E PARCO AVVENTURA NEL CUORE DELLA VALLE MAIRA\" \/>\n<meta property=\"article:publisher\" content=\"https:\/\/www.facebook.com\/campingparkvallemaira\/\" \/>\n<meta property=\"article:modified_time\" content=\"2022-05-06T15:15:16+00:00\" \/>\n<meta name=\"twitter:card\" content=\"summary_large_image\" \/>\n<meta name=\"twitter:label1\" content=\"Est. reading time\" \/>\n\t<meta name=\"twitter:data1\" content=\"4 minutes\" \/>\n<script type=\"application\/ld+json\" class=\"yoast-schema-graph\">{\"@context\":\"https:\/\/schema.org\",\"@graph\":[{\"@type\":\"WebPage\",\"@id\":\"https:\/\/www.campingparkvallemaira.com\/parco-avventura-valle-maira\/\",\"url\":\"https:\/\/www.campingparkvallemaira.com\/parco-avventura-valle-maira\/\",\"name\":\"[:it]Parco Avventura[:en]Adventure Park[:] - CAMPEGGIO E PARCO AVVENTURA NEL CUORE DELLA VALLE MAIRA\",\"isPartOf\":{\"@id\":\"https:\/\/www.campingparkvallemaira.com\/#website\"},\"datePublished\":\"2016-03-03T10:10:13+00:00\",\"dateModified\":\"2022-05-06T15:15:16+00:00\",\"breadcrumb\":{\"@id\":\"https:\/\/www.campingparkvallemaira.com\/parco-avventura-valle-maira\/#breadcrumb\"},\"inLanguage\":\"en-US\",\"potentialAction\":[{\"@type\":\"ReadAction\",\"target\":[\"https:\/\/www.campingparkvallemaira.com\/parco-avventura-valle-maira\/\"]}]},{\"@type\":\"BreadcrumbList\",\"@id\":\"https:\/\/www.campingparkvallemaira.com\/parco-avventura-valle-maira\/#breadcrumb\",\"itemListElement\":[{\"@type\":\"ListItem\",\"position\":1,\"name\":\"Home\",\"item\":\"https:\/\/www.campingparkvallemaira.com\/\"},{\"@type\":\"ListItem\",\"position\":2,\"name\":\"Parco Avventura\"}]},{\"@type\":\"WebSite\",\"@id\":\"https:\/\/www.campingparkvallemaira.com\/#website\",\"url\":\"https:\/\/www.campingparkvallemaira.com\/\",\"name\":\"CAMPEGGIO E PARCO AVVENTURA NEL CUORE DELLA VALLE MAIRA\",\"description\":\"\",\"potentialAction\":[{\"@type\":\"SearchAction\",\"target\":{\"@type\":\"EntryPoint\",\"urlTemplate\":\"https:\/\/www.campingparkvallemaira.com\/?s={search_term_string}\"},\"query-input\":\"required name=search_term_string\"}],\"inLanguage\":\"en-US\"}]}<\/script>\n<!-- \/ Yoast SEO plugin. -->","yoast_head_json":{"title":"[:it]Parco Avventura[:en]Adventure Park[:] - CAMPEGGIO E PARCO AVVENTURA NEL CUORE DELLA VALLE MAIRA","robots":{"index":"index","follow":"follow","max-snippet":"max-snippet:-1","max-image-preview":"max-image-preview:large","max-video-preview":"max-video-preview:-1"},"canonical":"https:\/\/www.campingparkvallemaira.com\/parco-avventura-valle-maira\/","og_locale":"en_US","og_type":"article","og_title":"[:it]Parco Avventura[:en]Adventure Park[:] - CAMPEGGIO E PARCO AVVENTURA NEL CUORE DELLA VALLE MAIRA","og_description":"Nel cuore della Valle Maira, lungo la strada principale che collega Dronero ad Acceglio, in una bellissima foresta di pini silvestri ed abeti bianchi trovate il PARCO AVVENTURA VALLE MAIRA, un complesso di percorsi acrobatici sospesi tra gli alberi. Si","og_url":"https:\/\/www.campingparkvallemaira.com\/parco-avventura-valle-maira\/","og_site_name":"CAMPEGGIO E PARCO AVVENTURA NEL CUORE DELLA VALLE MAIRA","article_publisher":"https:\/\/www.facebook.com\/campingparkvallemaira\/","article_modified_time":"2022-05-06T15:15:16+00:00","twitter_card":"summary_large_image","twitter_misc":{"Est. reading time":"4 minutes"},"schema":{"@context":"https:\/\/schema.org","@graph":[{"@type":"WebPage","@id":"https:\/\/www.campingparkvallemaira.com\/parco-avventura-valle-maira\/","url":"https:\/\/www.campingparkvallemaira.com\/parco-avventura-valle-maira\/","name":"[:it]Parco Avventura[:en]Adventure Park[:] - CAMPEGGIO E PARCO AVVENTURA NEL CUORE DELLA VALLE MAIRA","isPartOf":{"@id":"https:\/\/www.campingparkvallemaira.com\/#website"},"datePublished":"2016-03-03T10:10:13+00:00","dateModified":"2022-05-06T15:15:16+00:00","breadcrumb":{"@id":"https:\/\/www.campingparkvallemaira.com\/parco-avventura-valle-maira\/#breadcrumb"},"inLanguage":"en-US","potentialAction":[{"@type":"ReadAction","target":["https:\/\/www.campingparkvallemaira.com\/parco-avventura-valle-maira\/"]}]},{"@type":"BreadcrumbList","@id":"https:\/\/www.campingparkvallemaira.com\/parco-avventura-valle-maira\/#breadcrumb","itemListElement":[{"@type":"ListItem","position":1,"name":"Home","item":"https:\/\/www.campingparkvallemaira.com\/"},{"@type":"ListItem","position":2,"name":"Parco Avventura"}]},{"@type":"WebSite","@id":"https:\/\/www.campingparkvallemaira.com\/#website","url":"https:\/\/www.campingparkvallemaira.com\/","name":"CAMPEGGIO E PARCO AVVENTURA NEL CUORE DELLA VALLE MAIRA","description":"","potentialAction":[{"@type":"SearchAction","target":{"@type":"EntryPoint","urlTemplate":"https:\/\/www.campingparkvallemaira.com\/?s={search_term_string}"},"query-input":"required name=search_term_string"}],"inLanguage":"en-US"}]}},"_links":{"self":[{"href":"https:\/\/www.campingparkvallemaira.com\/en\/wp-json\/wp\/v2\/pages\/2","targetHints":{"allow":["GET"]}}],"collection":[{"href":"https:\/\/www.campingparkvallemaira.com\/en\/wp-json\/wp\/v2\/pages"}],"about":[{"href":"https:\/\/www.campingparkvallemaira.com\/en\/wp-json\/wp\/v2\/types\/page"}],"author":[{"embeddable":true,"href":"https:\/\/www.campingparkvallemaira.com\/en\/wp-json\/wp\/v2\/users\/2"}],"replies":[{"embeddable":true,"href":"https:\/\/www.campingparkvallemaira.com\/en\/wp-json\/wp\/v2\/comments?post=2"}],"version-history":[{"count":50,"href":"https:\/\/www.campingparkvallemaira.com\/en\/wp-json\/wp\/v2\/pages\/2\/revisions"}],"predecessor-version":[{"id":1195,"href":"https:\/\/www.campingparkvallemaira.com\/en\/wp-json\/wp\/v2\/pages\/2\/revisions\/1195"}],"wp:attachment":[{"href":"https:\/\/www.campingparkvallemaira.com\/en\/wp-json\/wp\/v2\/media?parent=2"}],"curies":[{"name":"wp","href":"https:\/\/api.w.org\/{rel}","templated":true}]}}